{"id":16,"date":"2015-10-15T21:32:53","date_gmt":"2015-10-15T21:32:53","guid":{"rendered":"http:\/\/radsport-ziller.com\/?page_id=16"},"modified":"2020-03-02T19:48:16","modified_gmt":"2020-03-02T19:48:16","slug":"service","status":"publish","type":"page","link":"https:\/\/radsport-ziller.com\/?page_id=16","title":{"rendered":"Service \/ Reparatur"},"content":{"rendered":"\t\t<div data-elementor-type=\"wp-page\" data-elementor-id=\"16\" class=\"elementor elementor-16\">\n\t\t\t\t\t\t<div class=\"elementor-inner\">\n\t\t\t\t<div class=\"elementor-section-wrap\">\n\t\t\t\t\t\t\t\t\t<section class=\"elementor-section elementor-top-section elementor-element elementor-element-12c50c4 elementor-section-boxed elementor-section-height-default elementor-section-height-default\" data-id=\"12c50c4\" data-element_type=\"section\">\n\t\t\t\t\t\t<div class=\"elementor-container elementor-column-gap-default\">\n\t\t\t\t\t\t\t<div class=\"elementor-row\">\n\t\t\t\t\t<div class=\"elementor-column elementor-col-100 elementor-top-column elementor-element elementor-element-76d48b5f\" data-id=\"76d48b5f\" data-element_type=\"column\">\n\t\t\t<div class=\"elementor-column-wrap elementor-element-populated\">\n\t\t\t\t\t\t\t<div class=\"elementor-widget-wrap\">\n\t\t\t\t\t\t<div class=\"elementor-element elementor-element-22510792 elementor-widget elementor-widget-text-editor\" data-id=\"22510792\" data-element_type=\"widget\" data-widget_type=\"text-editor.default\">\n\t\t\t\t<div class=\"elementor-widget-container\">\n\t\t\t\t\t\t\t\t<div class=\"elementor-text-editor elementor-clearfix\">\n\t\t\t\t<!-- wp:columns {\"className\":\"has-2-columns\"} -->\n<div class=\"wp-block-columns has-2-columns\"><!-- wp:column -->\n<div class=\"wp-block-column\"><!-- wp:image {\"align\":\"wide\",\"id\":381} -->\n<figure class=\"wp-block-image alignwide\"><img loading=\"lazy\" width=\"1024\" height=\"683\" src=\"http:\/\/radsport-ziller.com\/wp-content\/uploads\/2019\/02\/bike_gelb-1024x683.jpg\" alt=\"\" class=\"wp-image-381\" srcset=\"https:\/\/radsport-ziller.com\/wp-content\/uploads\/2019\/02\/bike_gelb-1024x683.jpg 1024w, https:\/\/radsport-ziller.com\/wp-content\/uploads\/2019\/02\/bike_gelb-300x200.jpg 300w, https:\/\/radsport-ziller.com\/wp-content\/uploads\/2019\/02\/bike_gelb-768x512.jpg 768w, https:\/\/radsport-ziller.com\/wp-content\/uploads\/2019\/02\/bike_gelb.jpg 1950w\" sizes=\"(max-width: 1024px) 100vw, 1024px\" \/><\/figure>\n<!-- \/wp:image --><\/div>\n<!-- \/wp:column -->\n\n<!-- wp:column -->\n<div class=\"wp-block-column\"><!-- wp:heading {\"level\":4} -->\n<h4>Ihr Rad in guten H\u00e4nden.<\/h4>\n<!-- \/wp:heading -->\n\n<!-- wp:paragraph -->\n<p>Bei uns endet die Kundenbetreuung nicht mit dem Verkauf! Ganz egal, ob Sie Ihr Rad besser ausstatten m\u00f6chten, etwas zu reparieren ist, oder Sie sich generell einmal beraten lassen m\u00f6chten! In unserer erfahrenen Fahrradwerkstatt arbeiten wir stets sorgf\u00e4ltig an jedem Anliegen!<br><\/p>\n<!-- \/wp:paragraph -->\n\n<!-- wp:paragraph {\"textColor\":\"vivid-red\"} -->\n<p class=\"has-text-color has-vivid-red-color\"><strong>Wir reparieren und warten  Fahrr\u00e4der aller Hersteller.<\/strong><\/p>\n<!-- \/wp:paragraph -->\n\n<!-- wp:separator -->\n<hr class=\"wp-block-separator\"\/>\n<!-- \/wp:separator -->\n\n<!-- wp:paragraph -->\n<p>Wir empfehlen:<\/p>\n<!-- \/wp:paragraph -->\n\n<!-- wp:paragraph -->\n<p><em>Bringen Sie Ihr Fahrrad einmal im Jahr zur Inspektion und halten Sie es somit nachhaltig in Schuss.<\/em>&nbsp;<em>So werden Sie lange an Ihrem Fahrrad Freude haben.<\/em><\/p>\n<!-- \/wp:paragraph --><\/div>\n<!-- \/wp:column --><\/div>\n<!-- \/wp:columns -->\t\t\t\t\t<\/div>\n\t\t\t\t\t\t<\/div>\n\t\t\t\t<\/div>\n\t\t\t\t\t\t<\/div>\n\t\t\t\t\t<\/div>\n\t\t<\/div>\n\t\t\t\t\t\t\t\t<\/div>\n\t\t\t\t\t<\/div>\n\t\t<\/section>\n\t\t\t\t\t\t\t\t\t<\/div>\n\t\t\t<\/div>\n\t\t\t\t\t<\/div>\n\t\t","protected":false},"excerpt":{"rendered":"<p>Ihr Rad in guten H\u00e4nden. Bei uns endet die Kundenbetreuung nicht mit dem Verkauf! Ganz egal, ob Sie Ihr Rad besser ausstatten m\u00f6chten, etwas zu reparieren ist, oder Sie sich generell einmal beraten lassen m\u00f6chten! In unserer erfahrenen Fahrradwerkstatt arbeiten<\/p>\n","protected":false},"author":1,"featured_media":0,"parent":0,"menu_order":2,"comment_status":"closed","ping_status":"closed","template":"","meta":{"spay_email":""},"jetpack_sharing_enabled":true,"jetpack_shortlink":"https:\/\/wp.me\/P6RJsi-g","_links":{"self":[{"href":"https:\/\/radsport-ziller.com\/index.php?rest_route=\/wp\/v2\/pages\/16"}],"collection":[{"href":"https:\/\/radsport-ziller.com\/index.php?rest_route=\/wp\/v2\/pages"}],"about":[{"href":"https:\/\/radsport-ziller.com\/index.php?rest_route=\/wp\/v2\/types\/page"}],"author":[{"embeddable":true,"href":"https:\/\/radsport-ziller.com\/index.php?rest_route=\/wp\/v2\/users\/1"}],"replies":[{"embeddable":true,"href":"https:\/\/radsport-ziller.com\/index.php?rest_route=%2Fwp%2Fv2%2Fcomments&post=16"}],"version-history":[{"count":17,"href":"https:\/\/radsport-ziller.com\/index.php?rest_route=\/wp\/v2\/pages\/16\/revisions"}],"predecessor-version":[{"id":984,"href":"https:\/\/radsport-ziller.com\/index.php?rest_route=\/wp\/v2\/pages\/16\/revisions\/984"}],"wp:attachment":[{"href":"https:\/\/radsport-ziller.com\/index.php?rest_route=%2Fwp%2Fv2%2Fmedia&parent=16"}],"curies":[{"name":"wp","href":"https:\/\/api.w.org\/{rel}","templated":true}]}}