{"id":170,"date":"2015-10-20T20:56:39","date_gmt":"2015-10-20T20:56:39","guid":{"rendered":"http:\/\/radsport-ziller.com\/?page_id=170"},"modified":"2021-02-06T07:37:02","modified_gmt":"2021-02-06T07:37:02","slug":"trekking-bikes","status":"publish","type":"page","link":"https:\/\/radsport-ziller.com\/?page_id=170","title":{"rendered":"Trekking- und Citybikes"},"content":{"rendered":"\t\t<div data-elementor-type=\"wp-post\" data-elementor-id=\"170\" class=\"elementor elementor-170\">\n\t\t\t\t\t\t<div class=\"elementor-inner\">\n\t\t\t\t<div class=\"elementor-section-wrap\">\n\t\t\t\t\t\t\t\t\t<section class=\"elementor-section elementor-top-section elementor-element elementor-element-79fdcb2 elementor-section-boxed elementor-section-height-default elementor-section-height-default\" data-id=\"79fdcb2\" data-element_type=\"section\">\n\t\t\t\t\t\t<div class=\"elementor-container elementor-column-gap-wider\">\n\t\t\t\t\t\t\t<div class=\"elementor-row\">\n\t\t\t\t\t<div class=\"elementor-column elementor-col-50 elementor-top-column elementor-element elementor-element-d198cb7\" data-id=\"d198cb7\" data-element_type=\"column\">\n\t\t\t<div class=\"elementor-column-wrap elementor-element-populated\">\n\t\t\t\t\t\t\t<div class=\"elementor-widget-wrap\">\n\t\t\t\t\t\t<div class=\"elementor-element elementor-element-4cf7c1e elementor-widget elementor-widget-heading\" data-id=\"4cf7c1e\" data-element_type=\"widget\" data-widget_type=\"heading.default\">\n\t\t\t\t<div class=\"elementor-widget-container\">\n\t\t\t<h3 class=\"elementor-heading-title elementor-size-default\">Trekkingbike<\/h3>\t\t<\/div>\n\t\t\t\t<\/div>\n\t\t\t\t<div class=\"elementor-element elementor-element-bf380b0 elementor-widget elementor-widget-text-editor\" data-id=\"bf380b0\" data-element_type=\"widget\" data-widget_type=\"text-editor.default\">\n\t\t\t\t<div class=\"elementor-widget-container\">\n\t\t\t\t\t\t\t\t<div class=\"elementor-text-editor elementor-clearfix\">\n\t\t\t\t<p><b>Ein<\/b><b> Mix aus Stadtrad und Mountainbike?\u00a0<\/b><b style=\"font-family: inherit; font-style: inherit; font-variant-caps: inherit;\">Ab auf den Allrounder Trekkingbike!<\/b><\/p><p>F\u00fcr alle, die in ihrer Freizeit gerne ausgiebige Radtouren in der Natur unternehmen und zugleich nicht auf ihr Alltagsfahrrad verzichten m\u00f6chten, sind Trekkingr\u00e4der genau die richtige Wahl.<\/p><p>Ein\u00a0<b>Trekkingrad<\/b>\u00a0ist gleicherma\u00dfen gut f\u00fcr befestigtes und unbefestigtes Gel\u00e4nde geeignet. Damit wird der Arbeitsweg \u00fcber gut ausgebaute Stra\u00dfen und Radfahrwege genauso zum Vergn\u00fcgen, wie der entspannte Freizeitausflug durch den Wald \u00fcber Stock und Stein.<\/p>\t\t\t\t\t<\/div>\n\t\t\t\t\t\t<\/div>\n\t\t\t\t<\/div>\n\t\t\t\t\t\t<\/div>\n\t\t\t\t\t<\/div>\n\t\t<\/div>\n\t\t\t\t<div class=\"elementor-column elementor-col-50 elementor-top-column elementor-element elementor-element-0b25f0b\" data-id=\"0b25f0b\" data-element_type=\"column\">\n\t\t\t<div class=\"elementor-column-wrap elementor-element-populated\">\n\t\t\t\t\t\t\t<div class=\"elementor-widget-wrap\">\n\t\t\t\t\t\t<div class=\"elementor-element elementor-element-7bf406d elementor-widget elementor-widget-heading\" data-id=\"7bf406d\" data-element_type=\"widget\" data-widget_type=\"heading.default\">\n\t\t\t\t<div class=\"elementor-widget-container\">\n\t\t\t<h3 class=\"elementor-heading-title elementor-size-default\">Citybike<\/h3>\t\t<\/div>\n\t\t\t\t<\/div>\n\t\t\t\t<div class=\"elementor-element elementor-element-40bcaff elementor-widget elementor-widget-text-editor\" data-id=\"40bcaff\" data-element_type=\"widget\" data-widget_type=\"text-editor.default\">\n\t\t\t\t<div class=\"elementor-widget-container\">\n\t\t\t\t\t\t\t\t<div class=\"elementor-text-editor elementor-clearfix\">\n\t\t\t\t<p><b>Die Stadt auf deiner Seite! Mit vielf\u00e4ltigen Citybikes um die Stadt neu zu entdecken!<\/b><\/p><p>Fahrradfahrer, die haupts\u00e4chlich befestigte Stra\u00dfen und Wege befahren wollen, sind mit einem\u00a0<b>Citybike<\/b>\u00a0gut bedient.<\/p><p>Neben den sogenannten\u00a0<b>Cruisern<\/b>, die \u00fcber breitere Reifen und einen tieferen Sitz verf\u00fcgen, gibt es auch angesagte Hollandr\u00e4der, eindrucksvolle Retro-Fahrr\u00e4der, sowie Stadtfahrr\u00e4der, die Trekkingr\u00e4dern sehr \u00e4hneln. Je nach Geschmack und Bed\u00fcrfnis gibt es so f\u00fcr jeden das passende Modell.<\/p>\t\t\t\t\t<\/div>\n\t\t\t\t\t\t<\/div>\n\t\t\t\t<\/div>\n\t\t\t\t\t\t<\/div>\n\t\t\t\t\t<\/div>\n\t\t<\/div>\n\t\t\t\t\t\t\t\t<\/div>\n\t\t\t\t\t<\/div>\n\t\t<\/section>\n\t\t\t\t<section class=\"elementor-section elementor-top-section elementor-element elementor-element-bb1da20 elementor-section-boxed elementor-section-height-default elementor-section-height-default\" data-id=\"bb1da20\" data-element_type=\"section\">\n\t\t\t\t\t\t<div class=\"elementor-container elementor-column-gap-default\">\n\t\t\t\t\t\t\t<div class=\"elementor-row\">\n\t\t\t\t\t<div class=\"elementor-column elementor-col-100 elementor-top-column elementor-element elementor-element-ff770f8\" data-id=\"ff770f8\" data-element_type=\"column\">\n\t\t\t<div class=\"elementor-column-wrap elementor-element-populated\">\n\t\t\t\t\t\t\t<div class=\"elementor-widget-wrap\">\n\t\t\t\t\t\t<div class=\"elementor-element elementor-element-b4d8b69 elementor-widget elementor-widget-text-editor\" data-id=\"b4d8b69\" data-element_type=\"widget\" data-widget_type=\"text-editor.default\">\n\t\t\t\t<div class=\"elementor-widget-container\">\n\t\t\t\t\t\t\t\t<div class=\"elementor-text-editor elementor-clearfix\">\n\t\t\t\t<p><span style=\"text-decoration: underline;\"><strong>Unsere Marken in diesem Bereich:<\/strong><\/span><\/p>\t\t\t\t\t<\/div>\n\t\t\t\t\t\t<\/div>\n\t\t\t\t<\/div>\n\t\t\t\t\t\t<\/div>\n\t\t\t\t\t<\/div>\n\t\t<\/div>\n\t\t\t\t\t\t\t\t<\/div>\n\t\t\t\t\t<\/div>\n\t\t<\/section>\n\t\t\t\t<section class=\"elementor-section elementor-top-section elementor-element elementor-element-1754f88 elementor-section-boxed elementor-section-height-default elementor-section-height-default\" data-id=\"1754f88\" data-element_type=\"section\">\n\t\t\t\t\t\t<div class=\"elementor-container elementor-column-gap-default\">\n\t\t\t\t\t\t\t<div class=\"elementor-row\">\n\t\t\t\t\t<div class=\"elementor-column elementor-col-20 elementor-top-column elementor-element elementor-element-d70d4bc\" data-id=\"d70d4bc\" data-element_type=\"column\">\n\t\t\t<div class=\"elementor-column-wrap elementor-element-populated\">\n\t\t\t\t\t\t\t<div class=\"elementor-widget-wrap\">\n\t\t\t\t\t\t<div class=\"elementor-element elementor-element-6d9576b elementor-widget elementor-widget-image\" data-id=\"6d9576b\" data-element_type=\"widget\" data-widget_type=\"image.default\">\n\t\t\t\t<div class=\"elementor-widget-container\">\n\t\t\t\t\t\t\t\t<div class=\"elementor-image\">\n\t\t\t\t\t\t\t\t\t\t\t\t\t<a href=\"https:\/\/www.cannondale.com\/de-DE\/Europe\" target=\"_blank\">\n\t\t\t\t\t\t\t<img src=\"https:\/\/radsport-ziller.com\/wp-content\/uploads\/elementor\/thumbs\/Cannondale1-mhnau353oh76c5grn4igorl0s0k9kqvnij242f96gw.png\" title=\"Cannondale\" alt=\"Cannondale\" \/>\t\t\t\t\t\t\t\t<\/a>\n\t\t\t\t\t\t\t\t\t\t\t\t\t\t<\/div>\n\t\t\t\t\t\t<\/div>\n\t\t\t\t<\/div>\n\t\t\t\t\t\t<\/div>\n\t\t\t\t\t<\/div>\n\t\t<\/div>\n\t\t\t\t<div class=\"elementor-column elementor-col-20 elementor-top-column elementor-element elementor-element-c1793ae\" data-id=\"c1793ae\" data-element_type=\"column\">\n\t\t\t<div class=\"elementor-column-wrap elementor-element-populated\">\n\t\t\t\t\t\t\t<div class=\"elementor-widget-wrap\">\n\t\t\t\t\t\t<div class=\"elementor-element elementor-element-1f76889 elementor-widget elementor-widget-image\" data-id=\"1f76889\" data-element_type=\"widget\" data-widget_type=\"image.default\">\n\t\t\t\t<div class=\"elementor-widget-container\">\n\t\t\t\t\t\t\t\t<div class=\"elementor-image\">\n\t\t\t\t\t\t\t\t\t\t\t\t\t<a href=\"https:\/\/www.scott-sports.com\/de\/de\/products\/bike-bikes\" target=\"_blank\">\n\t\t\t\t\t\t\t<img src=\"https:\/\/radsport-ziller.com\/wp-content\/uploads\/elementor\/thumbs\/SCOTT-mhnau42xvb8gnrfehmx399chdefmsfzdunpljp7sao.png\" title=\"SCOTT\" alt=\"SCOTT\" \/>\t\t\t\t\t\t\t\t<\/a>\n\t\t\t\t\t\t\t\t\t\t\t\t\t\t<\/div>\n\t\t\t\t\t\t<\/div>\n\t\t\t\t<\/div>\n\t\t\t\t\t\t<\/div>\n\t\t\t\t\t<\/div>\n\t\t<\/div>\n\t\t\t\t<div class=\"elementor-column elementor-col-20 elementor-top-column elementor-element elementor-element-a3c53bb\" data-id=\"a3c53bb\" data-element_type=\"column\">\n\t\t\t<div class=\"elementor-column-wrap elementor-element-populated\">\n\t\t\t\t\t\t\t<div class=\"elementor-widget-wrap\">\n\t\t\t\t\t\t<div class=\"elementor-element elementor-element-e04962e elementor-widget elementor-widget-image\" data-id=\"e04962e\" data-element_type=\"widget\" data-widget_type=\"image.default\">\n\t\t\t\t<div class=\"elementor-widget-container\">\n\t\t\t\t\t\t\t\t<div class=\"elementor-image\">\n\t\t\t\t\t\t\t\t\t\t\t\t\t<a href=\"https:\/\/www.ghost-bikes.com\" target=\"_blank\">\n\t\t\t\t\t\t\t<img src=\"https:\/\/radsport-ziller.com\/wp-content\/uploads\/elementor\/thumbs\/GHOST-BIKES1-mhnau279hn5w0ji4sm3u49tk6mowd1rx6eeml5akn4.png\" title=\"GHOST BIKES\" alt=\"GHOST BIKES\" \/>\t\t\t\t\t\t\t\t<\/a>\n\t\t\t\t\t\t\t\t\t\t\t\t\t\t<\/div>\n\t\t\t\t\t\t<\/div>\n\t\t\t\t<\/div>\n\t\t\t\t\t\t<\/div>\n\t\t\t\t\t<\/div>\n\t\t<\/div>\n\t\t\t\t<div class=\"elementor-column elementor-col-20 elementor-top-column elementor-element elementor-element-548dc11\" data-id=\"548dc11\" data-element_type=\"column\">\n\t\t\t<div class=\"elementor-column-wrap elementor-element-populated\">\n\t\t\t\t\t\t\t<div class=\"elementor-widget-wrap\">\n\t\t\t\t\t\t<div class=\"elementor-element elementor-element-2ab7f43 elementor-widget elementor-widget-image\" data-id=\"2ab7f43\" data-element_type=\"widget\" data-widget_type=\"image.default\">\n\t\t\t\t<div class=\"elementor-widget-container\">\n\t\t\t\t\t\t\t\t<div class=\"elementor-image\">\n\t\t\t\t\t\t\t\t\t\t\t\t\t<a href=\"https:\/\/www.winora.com\/de\/DE\/home\" target=\"_blank\">\n\t\t\t\t\t\t\t<img src=\"https:\/\/radsport-ziller.com\/wp-content\/uploads\/elementor\/thumbs\/Winora_Logo_Fahrrader-Kopie-o5z6daot7heo3sacjbknilpbx84idn2jjikscpkuf4.png\" title=\"Winora_Logo_Fahrrader-Kopie\" alt=\"Winora_Logo_Fahrrader-Kopie\" \/>\t\t\t\t\t\t\t\t<\/a>\n\t\t\t\t\t\t\t\t\t\t\t\t\t\t<\/div>\n\t\t\t\t\t\t<\/div>\n\t\t\t\t<\/div>\n\t\t\t\t\t\t<\/div>\n\t\t\t\t\t<\/div>\n\t\t<\/div>\n\t\t\t\t<div class=\"elementor-column elementor-col-20 elementor-top-column elementor-element elementor-element-47f9ad3\" data-id=\"47f9ad3\" data-element_type=\"column\">\n\t\t\t<div class=\"elementor-column-wrap elementor-element-populated\">\n\t\t\t\t\t\t\t<div class=\"elementor-widget-wrap\">\n\t\t\t\t\t\t<div class=\"elementor-element elementor-element-2a105b1 elementor-widget elementor-widget-image\" data-id=\"2a105b1\" data-element_type=\"widget\" data-widget_type=\"image.default\">\n\t\t\t\t<div class=\"elementor-widget-container\">\n\t\t\t\t\t\t\t\t<div class=\"elementor-image\">\n\t\t\t\t\t\t\t\t\t\t\t\t\t<a href=\"https:\/\/www.velo-de-ville.com\/de\" target=\"_blank\">\n\t\t\t\t\t\t\t<img src=\"https:\/\/radsport-ziller.com\/wp-content\/uploads\/elementor\/thumbs\/VDV_Wortmarke_RZ_schwarz-p2gedditv9enrsy4aay9zvlvg3rjugzhlybuxh96v4.png\" title=\"VDV_Wortmarke_RZ_schwarz\" alt=\"VDV_Wortmarke_RZ_schwarz\" \/>\t\t\t\t\t\t\t\t<\/a>\n\t\t\t\t\t\t\t\t\t\t\t\t\t\t<\/div>\n\t\t\t\t\t\t<\/div>\n\t\t\t\t<\/div>\n\t\t\t\t\t\t<\/div>\n\t\t\t\t\t<\/div>\n\t\t<\/div>\n\t\t\t\t\t\t\t\t<\/div>\n\t\t\t\t\t<\/div>\n\t\t<\/section>\n\t\t\t\t\t\t\t\t\t<\/div>\n\t\t\t<\/div>\n\t\t\t\t\t<\/div>\n\t\t","protected":false},"excerpt":{"rendered":"<p>Trekkingbike Ein Mix aus Stadtrad und Mountainbike?\u00a0Ab auf den Allrounder Trekkingbike! F\u00fcr alle, die in ihrer Freizeit gerne ausgiebige Radtouren in der Natur unternehmen und zugleich nicht auf ihr Alltagsfahrrad verzichten m\u00f6chten, sind Trekkingr\u00e4der genau die richtige Wahl. Ein\u00a0Trekkingrad\u00a0ist gleicherma\u00dfen<\/p>\n","protected":false},"author":1,"featured_media":0,"parent":0,"menu_order":0,"comment_status":"closed","ping_status":"closed","template":"","meta":{"spay_email":""},"jetpack_sharing_enabled":true,"jetpack_shortlink":"https:\/\/wp.me\/P6RJsi-2K","_links":{"self":[{"href":"https:\/\/radsport-ziller.com\/index.php?rest_route=\/wp\/v2\/pages\/170"}],"collection":[{"href":"https:\/\/radsport-ziller.com\/index.php?rest_route=\/wp\/v2\/pages"}],"about":[{"href":"https:\/\/radsport-ziller.com\/index.php?rest_route=\/wp\/v2\/types\/page"}],"author":[{"embeddable":true,"href":"https:\/\/radsport-ziller.com\/index.php?rest_route=\/wp\/v2\/users\/1"}],"replies":[{"embeddable":true,"href":"https:\/\/radsport-ziller.com\/index.php?rest_route=%2Fwp%2Fv2%2Fcomments&post=170"}],"version-history":[{"count":43,"href":"https:\/\/radsport-ziller.com\/index.php?rest_route=\/wp\/v2\/pages\/170\/revisions"}],"predecessor-version":[{"id":1091,"href":"https:\/\/radsport-ziller.com\/index.php?rest_route=\/wp\/v2\/pages\/170\/revisions\/1091"}],"wp:attachment":[{"href":"https:\/\/radsport-ziller.com\/index.php?rest_route=%2Fwp%2Fv2%2Fmedia&parent=170"}],"curies":[{"name":"wp","href":"https:\/\/api.w.org\/{rel}","templated":true}]}}