{"id":172,"date":"2015-10-20T20:58:26","date_gmt":"2015-10-20T20:58:26","guid":{"rendered":"http:\/\/radsport-ziller.com\/?page_id=172"},"modified":"2019-05-01T19:15:54","modified_gmt":"2019-05-01T19:15:54","slug":"kinder-und-jugendraeder","status":"publish","type":"page","link":"https:\/\/radsport-ziller.com\/?page_id=172","title":{"rendered":"Kinder &#8211; und Jugendr\u00e4der"},"content":{"rendered":"\t\t<div data-elementor-type=\"wp-post\" data-elementor-id=\"172\" class=\"elementor elementor-172\">\n\t\t\t\t\t\t<div class=\"elementor-inner\">\n\t\t\t\t<div class=\"elementor-section-wrap\">\n\t\t\t\t\t\t\t\t\t<section class=\"elementor-section elementor-top-section elementor-element elementor-element-4c605e62 elementor-section-boxed elementor-section-height-default elementor-section-height-default\" data-id=\"4c605e62\" data-element_type=\"section\">\n\t\t\t\t\t\t<div class=\"elementor-container elementor-column-gap-default\">\n\t\t\t\t\t\t\t<div class=\"elementor-row\">\n\t\t\t\t\t<div class=\"elementor-column elementor-col-100 elementor-top-column elementor-element elementor-element-5f1aaab8\" data-id=\"5f1aaab8\" data-element_type=\"column\">\n\t\t\t<div class=\"elementor-column-wrap elementor-element-populated\">\n\t\t\t\t\t\t\t<div class=\"elementor-widget-wrap\">\n\t\t\t\t\t\t<div class=\"elementor-element elementor-element-6938ebb5 elementor-widget elementor-widget-text-editor\" data-id=\"6938ebb5\" data-element_type=\"widget\" data-widget_type=\"text-editor.default\">\n\t\t\t\t<div class=\"elementor-widget-container\">\n\t\t\t\t\t\t\t\t<div class=\"elementor-text-editor elementor-clearfix\">\n\t\t\t\t<p><!-- wp:separator --><\/p>\n<div class=\"wp-block-columns has-2-columns\">\n<div class=\"wp-block-column\">\n<figure class=\"wp-block-image is-resized\"><img class=\"wp-image-575\" src=\"http:\/\/radsport-ziller.com\/wp-content\/uploads\/2019\/03\/Bike_kids-1024x702.jpg\" alt=\"\" width=\"900\" srcset=\"https:\/\/radsport-ziller.com\/wp-content\/uploads\/2019\/03\/Bike_kids-1024x702.jpg 1024w, https:\/\/radsport-ziller.com\/wp-content\/uploads\/2019\/03\/Bike_kids-300x206.jpg 300w, https:\/\/radsport-ziller.com\/wp-content\/uploads\/2019\/03\/Bike_kids-768x526.jpg 768w\" sizes=\"(max-width: 1024px) 100vw, 1024px\" \/><\/figure>\n<p><!-- \/wp:image --><\/p>\n<\/div>\n<p><!-- \/wp:column --><\/p>\n<p><!-- wp:column --><\/p>\n<div class=\"wp-block-column\">\n<p><!-- wp:heading {\"level\":5} --><\/p>\n<h5 id=\"mce_0\">Altersgerechte Kinder- und Jugendr\u00e4der f\u00fcr jeden Anspruch.<\/h5>\n<p><!-- \/wp:heading --><\/p>\n<p><!-- wp:paragraph --><\/p>\n<p>Das Angebot an Fahrr\u00e4dern f\u00fcr Kinder und Heranwachsende ist besonders umfangreich. F\u00fcr jedes Alter, jede Gr\u00f6\u00dfe und jeden Spa\u00dffaktor gibt es das passende Modell. Vom Lauflernrad f\u00fcr die Kleinsten, \u00fcber das kindgerecht ergonomische Fahrrad f\u00fcr Schulanf\u00e4nger bis hin zum coolen BMX-Bike f\u00fcr Teenager finden Sie bei uns alles.<\/p>\n<p><!-- \/wp:paragraph --><\/p>\n<p><!-- wp:separator --><\/p>\n<hr class=\"wp-block-separator\" \/>\n<p><!-- \/wp:separator --><\/p>\n<p><!-- wp:paragraph --><\/p>\n<p><strong>\u00a0<\/strong><\/p>\n<p><b>Wir beraten Sie gerne bez\u00fcglich des optimalen Fahrrads f\u00fcr ihr Kind!<\/b><\/p>\n<\/div>\n<\/div>\n<p><!-- \/wp:spacer --><\/p>\t\t\t\t\t<\/div>\n\t\t\t\t\t\t<\/div>\n\t\t\t\t<\/div>\n\t\t\t\t\t\t<\/div>\n\t\t\t\t\t<\/div>\n\t\t<\/div>\n\t\t\t\t\t\t\t\t<\/div>\n\t\t\t\t\t<\/div>\n\t\t<\/section>\n\t\t\t\t<section class=\"elementor-section elementor-top-section elementor-element elementor-element-493252d elementor-section-boxed elementor-section-height-default elementor-section-height-default\" data-id=\"493252d\" data-element_type=\"section\">\n\t\t\t\t\t\t<div class=\"elementor-container elementor-column-gap-default\">\n\t\t\t\t\t\t\t<div class=\"elementor-row\">\n\t\t\t\t\t<div class=\"elementor-column elementor-col-100 elementor-top-column elementor-element elementor-element-c1d7ca0\" data-id=\"c1d7ca0\" data-element_type=\"column\">\n\t\t\t<div class=\"elementor-column-wrap elementor-element-populated\">\n\t\t\t\t\t\t\t<div class=\"elementor-widget-wrap\">\n\t\t\t\t\t\t<div class=\"elementor-element elementor-element-2076659 elementor-widget elementor-widget-text-editor\" data-id=\"2076659\" data-element_type=\"widget\" data-widget_type=\"text-editor.default\">\n\t\t\t\t<div class=\"elementor-widget-container\">\n\t\t\t\t\t\t\t\t<div class=\"elementor-text-editor elementor-clearfix\">\n\t\t\t\t<p><strong>Unsere Markenr\u00e4der f\u00fcr Kinder:<\/strong><\/p>\t\t\t\t\t<\/div>\n\t\t\t\t\t\t<\/div>\n\t\t\t\t<\/div>\n\t\t\t\t\t\t<\/div>\n\t\t\t\t\t<\/div>\n\t\t<\/div>\n\t\t\t\t\t\t\t\t<\/div>\n\t\t\t\t\t<\/div>\n\t\t<\/section>\n\t\t\t\t<section class=\"elementor-section elementor-top-section elementor-element elementor-element-d1bba02 elementor-section-boxed elementor-section-height-default elementor-section-height-default\" data-id=\"d1bba02\" data-element_type=\"section\">\n\t\t\t\t\t\t<div class=\"elementor-container elementor-column-gap-default\">\n\t\t\t\t\t\t\t<div class=\"elementor-row\">\n\t\t\t\t\t<div class=\"elementor-column elementor-col-20 elementor-top-column elementor-element elementor-element-a2d0e41\" data-id=\"a2d0e41\" data-element_type=\"column\">\n\t\t\t<div class=\"elementor-column-wrap elementor-element-populated\">\n\t\t\t\t\t\t\t<div class=\"elementor-widget-wrap\">\n\t\t\t\t\t\t<div class=\"elementor-element elementor-element-ee98fd9 elementor-widget elementor-widget-image\" data-id=\"ee98fd9\" data-element_type=\"widget\" data-widget_type=\"image.default\">\n\t\t\t\t<div class=\"elementor-widget-container\">\n\t\t\t\t\t\t\t\t<div class=\"elementor-image\">\n\t\t\t\t\t\t\t\t\t\t\t\t\t<a href=\"https:\/\/www.cannondale.com\/de-DE\/Europe\" target=\"_blank\">\n\t\t\t\t\t\t\t<img src=\"https:\/\/radsport-ziller.com\/wp-content\/uploads\/elementor\/thumbs\/Cannondale1-mhnau353oh76c5grn4igorl0s0k9kqvnij242f96gw.png\" title=\"Cannondale\" alt=\"Cannondale\" \/>\t\t\t\t\t\t\t\t<\/a>\n\t\t\t\t\t\t\t\t\t\t\t\t\t\t<\/div>\n\t\t\t\t\t\t<\/div>\n\t\t\t\t<\/div>\n\t\t\t\t\t\t<\/div>\n\t\t\t\t\t<\/div>\n\t\t<\/div>\n\t\t\t\t<div class=\"elementor-column elementor-col-20 elementor-top-column elementor-element elementor-element-3d0d953\" data-id=\"3d0d953\" data-element_type=\"column\">\n\t\t\t<div class=\"elementor-column-wrap elementor-element-populated\">\n\t\t\t\t\t\t\t<div class=\"elementor-widget-wrap\">\n\t\t\t\t\t\t<div class=\"elementor-element elementor-element-59949ef elementor-widget elementor-widget-image\" data-id=\"59949ef\" data-element_type=\"widget\" data-widget_type=\"image.default\">\n\t\t\t\t<div class=\"elementor-widget-container\">\n\t\t\t\t\t\t\t\t<div class=\"elementor-image\">\n\t\t\t\t\t\t\t\t\t\t\t\t\t<a href=\"https:\/\/www.scott-sports.com\/de\/de\/products\/bike-bikes\" target=\"_blank\">\n\t\t\t\t\t\t\t<img src=\"https:\/\/radsport-ziller.com\/wp-content\/uploads\/elementor\/thumbs\/SCOTT-mhnau42xvb8gnrfehmx399chdefmsfzdunpljp7sao.png\" title=\"SCOTT\" alt=\"SCOTT\" \/>\t\t\t\t\t\t\t\t<\/a>\n\t\t\t\t\t\t\t\t\t\t\t\t\t\t<\/div>\n\t\t\t\t\t\t<\/div>\n\t\t\t\t<\/div>\n\t\t\t\t\t\t<\/div>\n\t\t\t\t\t<\/div>\n\t\t<\/div>\n\t\t\t\t<div class=\"elementor-column elementor-col-20 elementor-top-column elementor-element elementor-element-3aa4464\" data-id=\"3aa4464\" data-element_type=\"column\">\n\t\t\t<div class=\"elementor-column-wrap elementor-element-populated\">\n\t\t\t\t\t\t\t<div class=\"elementor-widget-wrap\">\n\t\t\t\t\t\t<div class=\"elementor-element elementor-element-1b779f8 elementor-widget elementor-widget-image\" data-id=\"1b779f8\" data-element_type=\"widget\" data-widget_type=\"image.default\">\n\t\t\t\t<div class=\"elementor-widget-container\">\n\t\t\t\t\t\t\t\t<div class=\"elementor-image\">\n\t\t\t\t\t\t\t\t\t\t\t\t\t<a href=\"https:\/\/www.ghost-bikes.com\" target=\"_blank\">\n\t\t\t\t\t\t\t<img src=\"https:\/\/radsport-ziller.com\/wp-content\/uploads\/elementor\/thumbs\/GHOST-BIKES1-mhnau279hn5w0ji4sm3u49tk6mowd1rx6eeml5akn4.png\" title=\"GHOST BIKES\" alt=\"GHOST BIKES\" \/>\t\t\t\t\t\t\t\t<\/a>\n\t\t\t\t\t\t\t\t\t\t\t\t\t\t<\/div>\n\t\t\t\t\t\t<\/div>\n\t\t\t\t<\/div>\n\t\t\t\t\t\t<\/div>\n\t\t\t\t\t<\/div>\n\t\t<\/div>\n\t\t\t\t<div class=\"elementor-column elementor-col-20 elementor-top-column elementor-element elementor-element-4831679\" data-id=\"4831679\" data-element_type=\"column\">\n\t\t\t<div class=\"elementor-column-wrap elementor-element-populated\">\n\t\t\t\t\t\t\t<div class=\"elementor-widget-wrap\">\n\t\t\t\t\t\t<div class=\"elementor-element elementor-element-b4c16b7 elementor-widget elementor-widget-image\" data-id=\"b4c16b7\" data-element_type=\"widget\" data-widget_type=\"image.default\">\n\t\t\t\t<div class=\"elementor-widget-container\">\n\t\t\t\t\t\t\t\t<div class=\"elementor-image\">\n\t\t\t\t\t\t\t\t\t\t\t\t\t<a href=\"https:\/\/www.haibike.com\" target=\"_blank\">\n\t\t\t\t\t\t\t<img src=\"https:\/\/radsport-ziller.com\/wp-content\/uploads\/elementor\/thumbs\/Haibike-mhnau42xvb8gnrfehmx399chdefmsfzdunpljp7sao.png\" title=\"Haibike\" alt=\"Haibike\" \/>\t\t\t\t\t\t\t\t<\/a>\n\t\t\t\t\t\t\t\t\t\t\t\t\t\t<\/div>\n\t\t\t\t\t\t<\/div>\n\t\t\t\t<\/div>\n\t\t\t\t\t\t<\/div>\n\t\t\t\t\t<\/div>\n\t\t<\/div>\n\t\t\t\t<div class=\"elementor-column elementor-col-20 elementor-top-column elementor-element elementor-element-2d493c9\" data-id=\"2d493c9\" data-element_type=\"column\">\n\t\t\t<div class=\"elementor-column-wrap elementor-element-populated\">\n\t\t\t\t\t\t\t<div class=\"elementor-widget-wrap\">\n\t\t\t\t\t\t<div class=\"elementor-element elementor-element-5993d87 elementor-widget elementor-widget-image\" data-id=\"5993d87\" data-element_type=\"widget\" data-widget_type=\"image.default\">\n\t\t\t\t<div class=\"elementor-widget-container\">\n\t\t\t\t\t\t\t\t<div class=\"elementor-image\">\n\t\t\t\t\t\t\t\t\t\t\t\t\t<a href=\"https:\/\/www.puky.de\/de\/home\">\n\t\t\t\t\t\t\t<img src=\"https:\/\/radsport-ziller.com\/wp-content\/uploads\/elementor\/thumbs\/Puky-Logo-e1552245932864-o4oj19a3v3nla7jyrn4lt97pl9or1i1z2wuuzzqygw.jpg\" title=\"Puky-Logo\" alt=\"Puky-Logo\" \/>\t\t\t\t\t\t\t\t<\/a>\n\t\t\t\t\t\t\t\t\t\t\t\t\t\t<\/div>\n\t\t\t\t\t\t<\/div>\n\t\t\t\t<\/div>\n\t\t\t\t\t\t<\/div>\n\t\t\t\t\t<\/div>\n\t\t<\/div>\n\t\t\t\t\t\t\t\t<\/div>\n\t\t\t\t\t<\/div>\n\t\t<\/section>\n\t\t\t\t\t\t\t\t\t<\/div>\n\t\t\t<\/div>\n\t\t\t\t\t<\/div>\n\t\t","protected":false},"excerpt":{"rendered":"<p>Altersgerechte Kinder- und Jugendr\u00e4der f\u00fcr jeden Anspruch. Das Angebot an Fahrr\u00e4dern f\u00fcr Kinder und Heranwachsende ist besonders umfangreich. F\u00fcr jedes Alter, jede Gr\u00f6\u00dfe und jeden Spa\u00dffaktor gibt es das passende Modell. Vom Lauflernrad f\u00fcr die Kleinsten, \u00fcber das kindgerecht ergonomische<\/p>\n","protected":false},"author":1,"featured_media":0,"parent":0,"menu_order":0,"comment_status":"closed","ping_status":"closed","template":"","meta":{"spay_email":""},"jetpack_sharing_enabled":true,"jetpack_shortlink":"https:\/\/wp.me\/P6RJsi-2M","_links":{"self":[{"href":"https:\/\/radsport-ziller.com\/index.php?rest_route=\/wp\/v2\/pages\/172"}],"collection":[{"href":"https:\/\/radsport-ziller.com\/index.php?rest_route=\/wp\/v2\/pages"}],"about":[{"href":"https:\/\/radsport-ziller.com\/index.php?rest_route=\/wp\/v2\/types\/page"}],"author":[{"embeddable":true,"href":"https:\/\/radsport-ziller.com\/index.php?rest_route=\/wp\/v2\/users\/1"}],"replies":[{"embeddable":true,"href":"https:\/\/radsport-ziller.com\/index.php?rest_route=%2Fwp%2Fv2%2Fcomments&post=172"}],"version-history":[{"count":44,"href":"https:\/\/radsport-ziller.com\/index.php?rest_route=\/wp\/v2\/pages\/172\/revisions"}],"predecessor-version":[{"id":861,"href":"https:\/\/radsport-ziller.com\/index.php?rest_route=\/wp\/v2\/pages\/172\/revisions\/861"}],"wp:attachment":[{"href":"https:\/\/radsport-ziller.com\/index.php?rest_route=%2Fwp%2Fv2%2Fmedia&parent=172"}],"curies":[{"name":"wp","href":"https:\/\/api.w.org\/{rel}","templated":true}]}}