{"id":181,"date":"2015-10-21T19:36:34","date_gmt":"2015-10-21T19:36:34","guid":{"rendered":"http:\/\/radsport-ziller.com\/?page_id=181"},"modified":"2021-02-15T07:57:08","modified_gmt":"2021-02-15T07:57:08","slug":"gebrauchte-raeder","status":"publish","type":"page","link":"https:\/\/radsport-ziller.com\/?page_id=181","title":{"rendered":"Gebrauchte R\u00e4der"},"content":{"rendered":"\t\t<div data-elementor-type=\"wp-post\" data-elementor-id=\"181\" class=\"elementor elementor-181\">\n\t\t\t\t\t\t<div class=\"elementor-inner\">\n\t\t\t\t<div class=\"elementor-section-wrap\">\n\t\t\t\t\t\t\t\t\t<section class=\"elementor-section elementor-top-section elementor-element elementor-element-b727de2 elementor-section-boxed elementor-section-height-default elementor-section-height-default\" data-id=\"b727de2\" data-element_type=\"section\">\n\t\t\t\t\t\t<div class=\"elementor-container elementor-column-gap-default\">\n\t\t\t\t\t\t\t<div class=\"elementor-row\">\n\t\t\t\t\t<div class=\"elementor-column elementor-col-100 elementor-top-column elementor-element elementor-element-84de330\" data-id=\"84de330\" data-element_type=\"column\">\n\t\t\t<div class=\"elementor-column-wrap elementor-element-populated\">\n\t\t\t\t\t\t\t<div class=\"elementor-widget-wrap\">\n\t\t\t\t\t\t<div class=\"elementor-element elementor-element-f84d339 elementor-widget elementor-widget-text-editor\" data-id=\"f84d339\" data-element_type=\"widget\" data-widget_type=\"text-editor.default\">\n\t\t\t\t<div class=\"elementor-widget-container\">\n\t\t\t\t\t\t\t\t<div class=\"elementor-text-editor elementor-clearfix\">\n\t\t\t\t<h6><strong>Sie suchen nach einem gebrauchten Rad, oder wollen ein Top Fahrrad zu einem kleinen Preis?\u00a0<\/strong><\/h6>\t\t\t\t\t<\/div>\n\t\t\t\t\t\t<\/div>\n\t\t\t\t<\/div>\n\t\t\t\t\t\t<\/div>\n\t\t\t\t\t<\/div>\n\t\t<\/div>\n\t\t\t\t\t\t\t\t<\/div>\n\t\t\t\t\t<\/div>\n\t\t<\/section>\n\t\t\t\t<section class=\"elementor-section elementor-top-section elementor-element elementor-element-48b9c4a elementor-section-boxed elementor-section-height-default elementor-section-height-default\" data-id=\"48b9c4a\" data-element_type=\"section\">\n\t\t\t\t\t\t<div class=\"elementor-container elementor-column-gap-default\">\n\t\t\t\t\t\t\t<div class=\"elementor-row\">\n\t\t\t\t\t<div class=\"elementor-column elementor-col-33 elementor-top-column elementor-element elementor-element-466a63a\" data-id=\"466a63a\" data-element_type=\"column\">\n\t\t\t<div class=\"elementor-column-wrap elementor-element-populated\">\n\t\t\t\t\t\t\t<div class=\"elementor-widget-wrap\">\n\t\t\t\t\t\t<div class=\"elementor-element elementor-element-a602e70 elementor-widget elementor-widget-text-editor\" data-id=\"a602e70\" data-element_type=\"widget\" data-widget_type=\"text-editor.default\">\n\t\t\t\t<div class=\"elementor-widget-container\">\n\t\t\t\t\t\t\t\t<div class=\"elementor-text-editor elementor-clearfix\">\n\t\t\t\t<p>Wir bieten neben der Auswahl an Neur\u00e4dern auch immer wieder <strong>gebrauchte R\u00e4der<\/strong> aller Modelle an.<\/p><p>Unser Angebot reicht vom kleinen Puky bis zum Top-Rennrad.<\/p><p>Wir tauschen bei all unseren gebrauchten R\u00e4dern alle relevanten Verschlei\u00dfteile, wie Bremsbel\u00e4ge, Seilz\u00fcge, Schl\u00e4uche und M\u00e4ntel, bevor wir es wieder in gute H\u00e4nde geben!<\/p><p>\u00a0<\/p><p><strong>Schauen Sie vorbei oder rufen Sie bei uns an!<\/strong><\/p><p>Wir informieren Sie gerne, welche Modelle aktuell zur Verf\u00fcgung stehen.<\/p><p><strong>Tel.: 08137 \/ 5025<\/strong><\/p>\t\t\t\t\t<\/div>\n\t\t\t\t\t\t<\/div>\n\t\t\t\t<\/div>\n\t\t\t\t\t\t<\/div>\n\t\t\t\t\t<\/div>\n\t\t<\/div>\n\t\t\t\t<div class=\"elementor-column elementor-col-33 elementor-top-column elementor-element elementor-element-b59b378\" data-id=\"b59b378\" data-element_type=\"column\">\n\t\t\t<div class=\"elementor-column-wrap elementor-element-populated\">\n\t\t\t\t\t\t\t<div class=\"elementor-widget-wrap\">\n\t\t\t\t\t\t<div class=\"elementor-element elementor-element-e35de53 elementor-widget elementor-widget-image\" data-id=\"e35de53\" data-element_type=\"widget\" data-widget_type=\"image.default\">\n\t\t\t\t<div class=\"elementor-widget-container\">\n\t\t\t\t\t\t\t\t<div class=\"elementor-image\">\n\t\t\t\t\t\t\t\t\t\t\t\t<img width=\"451\" height=\"300\" src=\"https:\/\/radsport-ziller.com\/wp-content\/uploads\/2015\/10\/dsc_0003.jpg\" class=\"attachment-ample-featured-blog-large size-ample-featured-blog-large\" alt=\"\" loading=\"lazy\" srcset=\"https:\/\/radsport-ziller.com\/wp-content\/uploads\/2015\/10\/dsc_0003.jpg 3008w, https:\/\/radsport-ziller.com\/wp-content\/uploads\/2015\/10\/dsc_0003-300x199.jpg 300w, https:\/\/radsport-ziller.com\/wp-content\/uploads\/2015\/10\/dsc_0003-1024x681.jpg 1024w\" sizes=\"(max-width: 451px) 100vw, 451px\" \/>\t\t\t\t\t\t\t\t\t\t\t\t\t\t<\/div>\n\t\t\t\t\t\t<\/div>\n\t\t\t\t<\/div>\n\t\t\t\t\t\t<\/div>\n\t\t\t\t\t<\/div>\n\t\t<\/div>\n\t\t\t\t<div class=\"elementor-column elementor-col-33 elementor-top-column elementor-element elementor-element-411d221\" data-id=\"411d221\" data-element_type=\"column\">\n\t\t\t<div class=\"elementor-column-wrap elementor-element-populated\">\n\t\t\t\t\t\t\t<div class=\"elementor-widget-wrap\">\n\t\t\t\t\t\t<div class=\"elementor-element elementor-element-51ca884 elementor-widget elementor-widget-image\" data-id=\"51ca884\" data-element_type=\"widget\" data-widget_type=\"image.default\">\n\t\t\t\t<div class=\"elementor-widget-container\">\n\t\t\t\t\t\t\t\t<div class=\"elementor-image\">\n\t\t\t\t\t\t\t\t\t\t\t\t<img width=\"300\" height=\"199\" src=\"https:\/\/radsport-ziller.com\/wp-content\/uploads\/2015\/10\/dsc_0004-300x199.jpg\" class=\"attachment-medium size-medium\" alt=\"\" loading=\"lazy\" srcset=\"https:\/\/radsport-ziller.com\/wp-content\/uploads\/2015\/10\/dsc_0004-300x199.jpg 300w, https:\/\/radsport-ziller.com\/wp-content\/uploads\/2015\/10\/dsc_0004-1024x681.jpg 1024w\" sizes=\"(max-width: 300px) 100vw, 300px\" \/>\t\t\t\t\t\t\t\t\t\t\t\t\t\t<\/div>\n\t\t\t\t\t\t<\/div>\n\t\t\t\t<\/div>\n\t\t\t\t<div class=\"elementor-element elementor-element-cbd82b7 elementor-widget elementor-widget-image\" data-id=\"cbd82b7\" data-element_type=\"widget\" data-widget_type=\"image.default\">\n\t\t\t\t<div class=\"elementor-widget-container\">\n\t\t\t\t\t\t\t\t<div class=\"elementor-image\">\n\t\t\t\t\t\t\t\t\t\t\t\t<img width=\"300\" height=\"199\" src=\"https:\/\/radsport-ziller.com\/wp-content\/uploads\/2015\/10\/dsc_0005-300x199.jpg\" class=\"attachment-medium size-medium\" alt=\"\" loading=\"lazy\" srcset=\"https:\/\/radsport-ziller.com\/wp-content\/uploads\/2015\/10\/dsc_0005-300x199.jpg 300w, https:\/\/radsport-ziller.com\/wp-content\/uploads\/2015\/10\/dsc_0005-1024x681.jpg 1024w\" sizes=\"(max-width: 300px) 100vw, 300px\" \/>\t\t\t\t\t\t\t\t\t\t\t\t\t\t<\/div>\n\t\t\t\t\t\t<\/div>\n\t\t\t\t<\/div>\n\t\t\t\t<div class=\"elementor-element elementor-element-c669193 elementor-widget elementor-widget-text-editor\" data-id=\"c669193\" data-element_type=\"widget\" data-widget_type=\"text-editor.default\">\n\t\t\t\t<div class=\"elementor-widget-container\">\n\t\t\t\t\t\t\t\t<div class=\"elementor-text-editor elementor-clearfix\">\n\t\t\t\t<p>Beispielsbilder<\/p>\t\t\t\t\t<\/div>\n\t\t\t\t\t\t<\/div>\n\t\t\t\t<\/div>\n\t\t\t\t\t\t<\/div>\n\t\t\t\t\t<\/div>\n\t\t<\/div>\n\t\t\t\t\t\t\t\t<\/div>\n\t\t\t\t\t<\/div>\n\t\t<\/section>\n\t\t\t\t\t\t\t\t\t<\/div>\n\t\t\t<\/div>\n\t\t\t\t\t<\/div>\n\t\t","protected":false},"excerpt":{"rendered":"<p>Sie suchen nach einem gebrauchten Rad, oder wollen ein Top Fahrrad zu einem kleinen Preis?&nbsp; Wir bieten neben der Auswahl an Neur\u00e4dern auch immer wieder gebrauchte R\u00e4der aller Modelle an. Unser Angebot reicht vom kleinen Puky bis zum Top-Rennrad. Wir<\/p>\n","protected":false},"author":1,"featured_media":0,"parent":0,"menu_order":0,"comment_status":"closed","ping_status":"closed","template":"","meta":{"spay_email":""},"jetpack_sharing_enabled":true,"jetpack_shortlink":"https:\/\/wp.me\/P6RJsi-2V","_links":{"self":[{"href":"https:\/\/radsport-ziller.com\/index.php?rest_route=\/wp\/v2\/pages\/181"}],"collection":[{"href":"https:\/\/radsport-ziller.com\/index.php?rest_route=\/wp\/v2\/pages"}],"about":[{"href":"https:\/\/radsport-ziller.com\/index.php?rest_route=\/wp\/v2\/types\/page"}],"author":[{"embeddable":true,"href":"https:\/\/radsport-ziller.com\/index.php?rest_route=\/wp\/v2\/users\/1"}],"replies":[{"embeddable":true,"href":"https:\/\/radsport-ziller.com\/index.php?rest_route=%2Fwp%2Fv2%2Fcomments&post=181"}],"version-history":[{"count":25,"href":"https:\/\/radsport-ziller.com\/index.php?rest_route=\/wp\/v2\/pages\/181\/revisions"}],"predecessor-version":[{"id":1095,"href":"https:\/\/radsport-ziller.com\/index.php?rest_route=\/wp\/v2\/pages\/181\/revisions\/1095"}],"wp:attachment":[{"href":"https:\/\/radsport-ziller.com\/index.php?rest_route=%2Fwp%2Fv2%2Fmedia&parent=181"}],"curies":[{"name":"wp","href":"https:\/\/api.w.org\/{rel}","templated":true}]}}