{"id":2,"date":"2025-09-07T04:24:00","date_gmt":"2025-09-07T04:24:00","guid":{"rendered":"http:\/\/wp431m.a10-52-158-154.qa.plesk.ru\/wordpress\/?page_id=2"},"modified":"2026-02-07T10:33:26","modified_gmt":"2026-02-07T10:33:26","slug":"sample-page","status":"publish","type":"page","link":"https:\/\/radsport-ziller.com\/","title":{"rendered":"Radsport Ziller"},"content":{"rendered":"<p><\/p>\n\n\n<\/p>\n<figure><\/figure>\n<p>\n\n\n<p><\/p>\n<h1 style=\"text-align: center;\"><strong><em>Radsport Ziller ist ein Familienbetrieb mit Tradition. <\/em><\/strong><\/h1>\n<h1 style=\"text-align: center;\"><strong><em>Seit 1920 sind wir in Petershausen Ihr Experte f\u00fcrs Rad!<\/em><\/strong><\/h1>\n<p><strong>Rabattaktion &#8211; bis zu 50%<\/strong><\/p>\n<p style=\"font-family: Roboto, sans-serif; border: 0px; font-variant-ligatures: normal; font-variant-caps: normal; font-variant-alternates: inherit; font-variant-numeric: inherit; font-variant-east-asian: inherit; font-variant-position: inherit; font-variant-emoji: inherit; font-stretch: inherit; line-height: 1.5; font-optical-sizing: inherit; font-size-adjust: inherit; font-kerning: inherit; font-feature-settings: inherit; font-variation-settings: inherit; font-size: 15px; font-style: normal; font-weight: 300; margin: 0px 0px 10px; outline: 0px; padding: 0px; vertical-align: baseline; color: #888888; box-sizing: border-box; letter-spacing: normal; orphans: 2; text-align: start; text-indent: 0px; text-transform: none; widows: 2; word-spacing: 0px; -webkit-text-stroke-width: 0px; white-space: normal; background-color: #ffffff; text-decoration-thickness: initial; text-decoration-style: initial; text-decoration-color: initial;\">Neben unserer jahrelangen Erfahrung und einem breiten Know-How im Zweiradbereich, zeichnet sich Radsport Ziller durch eine umfassende Auswahl an topaktuellen Fahrr\u00e4dern, hochwertigem Zubeh\u00f6r und Bekleidungsartikeln aus.<\/p>\n<p style=\"font-family: Roboto, sans-serif; border: 0px; font-variant-ligatures: normal; font-variant-caps: normal; font-variant-alternates: inherit; font-variant-numeric: inherit; font-variant-east-asian: inherit; font-variant-position: inherit; font-variant-emoji: inherit; font-stretch: inherit; line-height: 1.5; font-optical-sizing: inherit; font-size-adjust: inherit; font-kerning: inherit; font-feature-settings: inherit; font-variation-settings: inherit; font-size: 15px; font-style: normal; font-weight: 300; margin: 0px 0px 10px; outline: 0px; padding: 0px; vertical-align: baseline; color: #888888; box-sizing: border-box; letter-spacing: normal; orphans: 2; text-align: start; text-indent: 0px; text-transform: none; widows: 2; word-spacing: 0px; -webkit-text-stroke-width: 0px; white-space: normal; background-color: #ffffff; text-decoration-thickness: initial; text-decoration-style: initial; text-decoration-color: initial;\">\n<\/p><p style=\"font-family: Roboto, sans-serif; border: 0px; font-variant-ligatures: normal; font-variant-caps: normal; font-variant-alternates: inherit; font-variant-numeric: inherit; font-variant-east-asian: inherit; font-variant-position: inherit; font-variant-emoji: inherit; font-stretch: inherit; line-height: 1.5; font-optical-sizing: inherit; font-size-adjust: inherit; font-kerning: inherit; font-feature-settings: inherit; font-variation-settings: inherit; font-size: 15px; font-style: normal; font-weight: 300; margin: 0px 0px 10px; outline: 0px; padding: 0px; vertical-align: baseline; color: #888888; box-sizing: border-box; letter-spacing: normal; orphans: 2; text-align: start; text-indent: 0px; text-transform: none; widows: 2; word-spacing: 0px; -webkit-text-stroke-width: 0px; white-space: normal; background-color: #ffffff; text-decoration-thickness: initial; text-decoration-style: initial; text-decoration-color: initial;\">Vom Kinder- und Jugendrad, \u00fcber exklusive E-Bikes, bis hin zu Highend-Modellen namhafter Hersteller aus den Bereichen Mountain und Trekking, f\u00fchren wir f\u00fcr jede Verwendung das ideale Fahrrad!<\/p>\n<p style=\"font-family: Roboto, sans-serif; border: 0px; font-variant-ligatures: normal; font-variant-caps: normal; font-variant-alternates: inherit; font-variant-numeric: inherit; font-variant-east-asian: inherit; font-variant-position: inherit; font-variant-emoji: inherit; font-stretch: inherit; line-height: 1.5; font-optical-sizing: inherit; font-size-adjust: inherit; font-kerning: inherit; font-feature-settings: inherit; font-variation-settings: inherit; font-size: 15px; font-style: normal; font-weight: 300; margin: 0px 0px 10px; outline: 0px; padding: 0px; vertical-align: baseline; color: #888888; box-sizing: border-box; letter-spacing: normal; orphans: 2; text-align: start; text-indent: 0px; text-transform: none; widows: 2; word-spacing: 0px; -webkit-text-stroke-width: 0px; white-space: normal; background-color: #ffffff; text-decoration-thickness: initial; text-decoration-style: initial; text-decoration-color: initial;\">\n<\/p><p style=\"font-family: Roboto, sans-serif; border: 0px; font-variant-ligatures: normal; font-variant-caps: normal; font-variant-alternates: inherit; font-variant-numeric: inherit; font-variant-east-asian: inherit; font-variant-position: inherit; font-variant-emoji: inherit; font-stretch: inherit; line-height: 1.5; font-optical-sizing: inherit; font-size-adjust: inherit; font-kerning: inherit; font-feature-settings: inherit; font-variation-settings: inherit; font-size: 15px; font-style: normal; font-weight: 300; margin: 0px 0px 10px; outline: 0px; padding: 0px; vertical-align: baseline; color: #888888; box-sizing: border-box; letter-spacing: normal; orphans: 2; text-align: start; text-indent: 0px; text-transform: none; widows: 2; word-spacing: 0px; -webkit-text-stroke-width: 0px; white-space: normal; background-color: #ffffff; text-decoration-thickness: initial; text-decoration-style: initial; text-decoration-color: initial;\"><strong>Bei uns endet die Kundenbetreuung nicht mit dem Verkauf!<\/strong><\/p>\n<p style=\"font-family: Roboto, sans-serif; border: 0px; font-variant-ligatures: normal; font-variant-caps: normal; font-variant-alternates: inherit; font-variant-numeric: inherit; font-variant-east-asian: inherit; font-variant-position: inherit; font-variant-emoji: inherit; font-stretch: inherit; line-height: 1.5; font-optical-sizing: inherit; font-size-adjust: inherit; font-kerning: inherit; font-feature-settings: inherit; font-variation-settings: inherit; font-size: 15px; font-style: normal; font-weight: 300; margin: 0px 0px 10px; outline: 0px; padding: 0px; vertical-align: baseline; color: #888888; box-sizing: border-box; letter-spacing: normal; orphans: 2; text-align: start; text-indent: 0px; text-transform: none; widows: 2; word-spacing: 0px; -webkit-text-stroke-width: 0px; white-space: normal; background-color: #ffffff; text-decoration-thickness: initial; text-decoration-style: initial; text-decoration-color: initial;\">\n<\/p><p style=\"font-family: Roboto, sans-serif; border: 0px; font-variant-ligatures: normal; font-variant-caps: normal; font-variant-alternates: inherit; font-variant-numeric: inherit; font-variant-east-asian: inherit; font-variant-position: inherit; font-variant-emoji: inherit; font-stretch: inherit; line-height: 1.5; font-optical-sizing: inherit; font-size-adjust: inherit; font-kerning: inherit; font-feature-settings: inherit; font-variation-settings: inherit; font-size: 15px; font-style: normal; font-weight: 300; margin: 0px 0px 10px; outline: 0px; padding: 0px; vertical-align: baseline; color: #888888; box-sizing: border-box; letter-spacing: normal; orphans: 2; text-align: start; text-indent: 0px; text-transform: none; widows: 2; word-spacing: 0px; -webkit-text-stroke-width: 0px; white-space: normal; background-color: #ffffff; text-decoration-thickness: initial; text-decoration-style: initial; text-decoration-color: initial;\">Ganz selbstverst\u00e4ndlich bieten wir einen umfassenden Werkstattservice, der von sachgem\u00e4\u00dfer Montage \u00fcber regelm\u00e4\u00dfige Inspektionen bis hin zur fachgerechten Reparatur reicht \u2013 unabh\u00e4ngig von der Fahrradart, dem Alter oder der Marke.<\/p>\n<p style=\"font-family: Roboto, sans-serif; border: 0px; font-variant-ligatures: normal; font-variant-caps: normal; font-variant-alternates: inherit; font-variant-numeric: inherit; font-variant-east-asian: inherit; font-variant-position: inherit; font-variant-emoji: inherit; font-stretch: inherit; line-height: 1.5; font-optical-sizing: inherit; font-size-adjust: inherit; font-kerning: inherit; font-feature-settings: inherit; font-variation-settings: inherit; font-size: 15px; font-style: normal; font-weight: 300; margin: 0px 0px 10px; outline: 0px; padding: 0px; vertical-align: baseline; color: #888888; box-sizing: border-box; letter-spacing: normal; orphans: 2; text-align: start; text-indent: 0px; text-transform: none; widows: 2; word-spacing: 0px; -webkit-text-stroke-width: 0px; white-space: normal; background-color: #ffffff; text-decoration-thickness: initial; text-decoration-style: initial; text-decoration-color: initial;\">\n<\/p><p style=\"font-family: Roboto, sans-serif; border: 0px; font-variant-ligatures: normal; font-variant-caps: normal; font-variant-alternates: inherit; font-variant-numeric: inherit; font-variant-east-asian: inherit; font-variant-position: inherit; font-variant-emoji: inherit; font-stretch: inherit; line-height: 1.5; font-optical-sizing: inherit; font-size-adjust: inherit; font-kerning: inherit; font-feature-settings: inherit; font-variation-settings: inherit; font-size: 15px; font-style: normal; font-weight: 300; margin: 0px 0px 10px; outline: 0px; padding: 0px; vertical-align: baseline; color: #888888; box-sizing: border-box; letter-spacing: normal; orphans: 2; text-align: start; text-indent: 0px; text-transform: none; widows: 2; word-spacing: 0px; -webkit-text-stroke-width: 0px; white-space: normal; background-color: #ffffff; text-decoration-thickness: initial; text-decoration-style: initial; text-decoration-color: initial;\">\n<\/p><p><\/p>\n\n\n<div class=\"wp-block-columns are-vertically-aligned-center\">\n<div class=\"wp-block-column is-vertically-aligned-center\" style=\"flex-basis:100%\">\n<div class=\"wp-block-group\"><div class=\"wp-block-group__inner-container\">\n<\/p>\n<h6>Folge uns auf Social-Media:<\/h6>\n<a href=\"https:\/\/www.facebook.com\/profile.php?id=61579308178374\" target=\"_blank\" rel=\"noopener\"><b>Facebook<\/b><\/a><b>\u00a0 \u00a0 \u00a0 \u00a0 \u00a0 \u00a0\u00a0<a href=\"https:\/\/www.instagram.com\/radsport_ziller?fbclid=IwY2xjawMqegZleHRuA2FlbQIxMABicmlkETFLVXJHazhydlpwQnJMUUwyAR72r9WJN2qDzeg14zhgTSXk8xAm3JY1lAaW6DifL50EX3od6r8vf-0BdeoFuQ_aem_2RBcLWyQYSEegks47C2mMg\" target=\"_blank\" rel=\"noopener\">Instagram<\/a>\u00a0 \u00a0 \u00a0 \u00a0 \u00a0\u00a0<a href=\"https:\/\/www.google.com\/search?client=firefox-b-d&amp;sca_esv=4647c3bd03865882&amp;uds=AOm0WdE2fekQnsyfYEw8JPYozOKzEavmCCtRQU2U9ih-M-yU6Dk9rmjR212rb063jAvuIdTdxZMDdXY7-S9nftqBfs9CqfdoCBAWFr7sEZbUsfdOztyFB2jWqmRp4YM2GKLd2YPL2oEMUsERXczq186wV8sFlO_FC9ghikjnUtDAcuab8rheHVk&amp;si=AMgyJEuzsz2NflaaWzrzdpjxXXRaJ2hfdMsbe_mSWso6src8swr1dHcxs3JSrZRg3lU1K797v3Huj0NZX3_spbHrljcLx-VhZToBRiSA7IALukMJnQDBWfA%3D&amp;q=Radsport+Ziller+GmbH+%26+Co.+KG+Rezensionen&amp;sa=X&amp;ved=2ahUKEwjMv9Lw98aPAxWp1gIHHSmtAdYQ3PALegQIQxAF&amp;biw=1229&amp;bih=613&amp;dpr=1.5\"> Google\u00a0<\/a><\/b>\n<p>\n<\/div><\/div>\n<\/div>\n<\/div>\n\n\n\n<p class=\"has-very-light-gray-background-color has-background\"><span class=\"has-inline-color has-vivid-red-color\"><strong>Wir empfehlen:<\/strong><\/span><\/p>\n\n\n\n<p><\/p>\n\n\n\n<p><em>Bringen Sie Ihr Fahrrad einmal im Jahr zur Inspektion und halten Sie es somit nachhaltig in Schuss.<\/em>&nbsp;<\/p>\n\n\n\n<p><em>So werden Sie lange an Ihrem Fahrrad Freude haben.<\/em><\/p>\n\n\n\n<hr class=\"wp-block-separator\"\/>\n\n\n\n<p><\/p>\n\n\n\n<p><\/p>\n\n\n\n<div class=\"wp-block-buttons\">\n<\/p>\n\u00a0\n<p>\n<\/div>\n\n\n<p><\/p>\n<p>Frohe Weihnachten, erholsame Feiertage und ein gesundes, gl\u00fcckliches neues Jahr!<\/p>\n<h6><strong>Kontakt:<\/strong><\/h6>\n<p>Radsport Ziller GmbH &amp; Co. KG<\/p>\n<p>Indersdorfer Str. 2 a<\/p>\n<p>85238 Petershausen<\/p>\n<p>Telefon: 08137\/ 5025<\/p>\n<p>E-Mail: radsport@radsport-ziller.com<\/p>\n<h6><strong>\u00d6ffnungszeiten:<\/strong><\/h6>\n<p>Montag:&nbsp; &nbsp; &nbsp; &nbsp; 9.00-12.00 und 14.00-18.00 Uhr<\/p>\n<p>Dienstag:&nbsp; &nbsp; &nbsp; 9.00-12.00 und 14.00-18.00 Uhr<\/p>\n<p>Mittwoch:&nbsp; &nbsp; &nbsp;9.00-12.00&nbsp;<\/p>\n<p>Donnerstag: 9.00-12.00 und 14.00-18.00 Uhr<\/p>\n<p>Freitag:&nbsp; &nbsp; &nbsp; &nbsp; &nbsp;9.00-12.00 und 14.00-18.00 Uhr<\/p>\n<p>Samstag:&nbsp; &nbsp; &nbsp; 9.00-12.00&nbsp;<\/p>","protected":false},"excerpt":{"rendered":"<p>Radsport Ziller ist ein Familienbetrieb mit Tradition. Seit 1920 sind wir in Petershausen Ihr Experte f\u00fcrs Rad! Rabattaktion &#8211; bis zu 50% Neben unserer jahrelangen Erfahrung und einem breiten Know-How im Zweiradbereich, zeichnet sich Radsport Ziller durch eine umfassende Auswahl<\/p>\n","protected":false},"author":3,"featured_media":0,"parent":0,"menu_order":1,"comment_status":"closed","ping_status":"closed","template":"","meta":{"spay_email":""},"jetpack_sharing_enabled":true,"jetpack_shortlink":"https:\/\/wp.me\/P6RJsi-2","_links":{"self":[{"href":"https:\/\/radsport-ziller.com\/index.php?rest_route=\/wp\/v2\/pages\/2"}],"collection":[{"href":"https:\/\/radsport-ziller.com\/index.php?rest_route=\/wp\/v2\/pages"}],"about":[{"href":"https:\/\/radsport-ziller.com\/index.php?rest_route=\/wp\/v2\/types\/page"}],"author":[{"embeddable":true,"href":"https:\/\/radsport-ziller.com\/index.php?rest_route=\/wp\/v2\/users\/3"}],"replies":[{"embeddable":true,"href":"https:\/\/radsport-ziller.com\/index.php?rest_route=%2Fwp%2Fv2%2Fcomments&post=2"}],"version-history":[{"count":403,"href":"https:\/\/radsport-ziller.com\/index.php?rest_route=\/wp\/v2\/pages\/2\/revisions"}],"predecessor-version":[{"id":1609,"href":"https:\/\/radsport-ziller.com\/index.php?rest_route=\/wp\/v2\/pages\/2\/revisions\/1609"}],"wp:attachment":[{"href":"https:\/\/radsport-ziller.com\/index.php?rest_route=%2Fwp%2Fv2%2Fmedia&parent=2"}],"curies":[{"name":"wp","href":"https:\/\/api.w.org\/{rel}","templated":true}]}}