{"id":48,"date":"2015-10-19T16:59:20","date_gmt":"2015-10-19T16:59:20","guid":{"rendered":"http:\/\/radsport-ziller.com\/?page_id=48"},"modified":"2019-05-01T18:23:49","modified_gmt":"2019-05-01T18:23:49","slug":"mountainbikes","status":"publish","type":"page","link":"https:\/\/radsport-ziller.com\/?page_id=48","title":{"rendered":"Mountainbikes"},"content":{"rendered":"\t\t<div data-elementor-type=\"wp-post\" data-elementor-id=\"48\" class=\"elementor elementor-48\">\n\t\t\t\t\t\t<div class=\"elementor-inner\">\n\t\t\t\t<div class=\"elementor-section-wrap\">\n\t\t\t\t\t\t\t\t\t<section class=\"elementor-section elementor-top-section elementor-element elementor-element-0b003b4 elementor-section-boxed elementor-section-height-default elementor-section-height-default\" data-id=\"0b003b4\" data-element_type=\"section\">\n\t\t\t\t\t\t<div class=\"elementor-container elementor-column-gap-default\">\n\t\t\t\t\t\t\t<div class=\"elementor-row\">\n\t\t\t\t\t<div class=\"elementor-column elementor-col-100 elementor-top-column elementor-element elementor-element-fbefab6\" data-id=\"fbefab6\" data-element_type=\"column\">\n\t\t\t<div class=\"elementor-column-wrap elementor-element-populated\">\n\t\t\t\t\t\t\t<div class=\"elementor-widget-wrap\">\n\t\t\t\t\t\t<div class=\"elementor-element elementor-element-0ffe057 elementor-widget elementor-widget-text-editor\" data-id=\"0ffe057\" data-element_type=\"widget\" data-widget_type=\"text-editor.default\">\n\t\t\t\t<div class=\"elementor-widget-container\">\n\t\t\t\t\t\t\t\t<div class=\"elementor-text-editor elementor-clearfix\">\n\t\t\t\t<p><span style=\"text-decoration: underline;\"><strong>Das Mountainbike:<\/strong><\/span><\/p>\n<p>Aus dem klassischen Gel\u00e4ndefahrrad ist ein Sportger\u00e4t geworden, das mehr bietet, als die M\u00f6glichkeit, sich von A nach B fortzubewegen. Wer heute ein Mountainbike kaufen m\u00f6chte, hat die Wahl zwischen Hardtails, Fullys, Mountainbikes f\u00fcr Damen, Fat Bikes und vielem mehr.<\/p>\t\t\t\t\t<\/div>\n\t\t\t\t\t\t<\/div>\n\t\t\t\t<\/div>\n\t\t\t\t\t\t<\/div>\n\t\t\t\t\t<\/div>\n\t\t<\/div>\n\t\t\t\t\t\t\t\t<\/div>\n\t\t\t\t\t<\/div>\n\t\t<\/section>\n\t\t\t\t<section class=\"elementor-section elementor-top-section elementor-element elementor-element-a0fadec elementor-section-boxed elementor-section-height-default elementor-section-height-default\" data-id=\"a0fadec\" data-element_type=\"section\">\n\t\t\t\t\t\t<div class=\"elementor-container elementor-column-gap-default\">\n\t\t\t\t\t\t\t<div class=\"elementor-row\">\n\t\t\t\t\t<div class=\"elementor-column elementor-col-50 elementor-top-column elementor-element elementor-element-aa22f3c\" data-id=\"aa22f3c\" data-element_type=\"column\">\n\t\t\t<div class=\"elementor-column-wrap elementor-element-populated\">\n\t\t\t\t\t\t\t<div class=\"elementor-widget-wrap\">\n\t\t\t\t\t\t<div class=\"elementor-element elementor-element-004030a elementor-widget elementor-widget-text-editor\" data-id=\"004030a\" data-element_type=\"widget\" data-widget_type=\"text-editor.default\">\n\t\t\t\t<div class=\"elementor-widget-container\">\n\t\t\t\t\t\t\t\t<div class=\"elementor-text-editor elementor-clearfix\">\n\t\t\t\t<p><strong>Sie sind gern in der Natur mit ihrem Rad? Dann ab auf\u2018s Mountainbike, weil Sie schon immer mal \u00fcber Stock und Stein durch den Wald heizen wollten!<\/strong><\/p>\t\t\t\t\t<\/div>\n\t\t\t\t\t\t<\/div>\n\t\t\t\t<\/div>\n\t\t\t\t<div class=\"elementor-element elementor-element-8e76d2e elementor-widget-divider--view-line elementor-widget elementor-widget-divider\" data-id=\"8e76d2e\" data-element_type=\"widget\" data-widget_type=\"divider.default\">\n\t\t\t\t<div class=\"elementor-widget-container\">\n\t\t\t\t\t<div class=\"elementor-divider\">\n\t\t\t<span class=\"elementor-divider-separator\">\n\t\t\t\t\t\t<\/span>\n\t\t<\/div>\n\t\t\t\t<\/div>\n\t\t\t\t<\/div>\n\t\t\t\t<div class=\"elementor-element elementor-element-c404d81 elementor-widget elementor-widget-text-editor\" data-id=\"c404d81\" data-element_type=\"widget\" data-widget_type=\"text-editor.default\">\n\t\t\t\t<div class=\"elementor-widget-container\">\n\t\t\t\t\t\t\t\t<div class=\"elementor-text-editor elementor-clearfix\">\n\t\t\t\t<p>Wir unterst\u00fctzen Sie in allen Bereichen und beraten Sie gerne bez\u00fcglich Laufradgr\u00f6\u00dfe, Federweg und Geometrie. Keine Person hat exakt den gleichen Fahrstil oder die gleichen Vorlieben.<\/p>\n<p><strong>Aus diesem Grund haben wir immer eine gro\u00dfe Bandbreite an verschiedenen Bikes zur Auswahl.<\/strong><\/p>\t\t\t\t\t<\/div>\n\t\t\t\t\t\t<\/div>\n\t\t\t\t<\/div>\n\t\t\t\t\t\t<\/div>\n\t\t\t\t\t<\/div>\n\t\t<\/div>\n\t\t\t\t<div class=\"elementor-column elementor-col-50 elementor-top-column elementor-element elementor-element-3c8bcfb\" data-id=\"3c8bcfb\" data-element_type=\"column\">\n\t\t\t<div class=\"elementor-column-wrap elementor-element-populated\">\n\t\t\t\t\t\t\t<div class=\"elementor-widget-wrap\">\n\t\t\t\t\t\t<div class=\"elementor-element elementor-element-c285d7b elementor-widget elementor-widget-image\" data-id=\"c285d7b\" data-element_type=\"widget\" data-widget_type=\"image.default\">\n\t\t\t\t<div class=\"elementor-widget-container\">\n\t\t\t\t\t\t\t\t<div class=\"elementor-image\">\n\t\t\t\t\t\t\t\t\t\t\t\t<img width=\"710\" height=\"533\" src=\"https:\/\/radsport-ziller.com\/wp-content\/uploads\/2015\/10\/IMG_1859-1024x768.jpg\" class=\"attachment-large size-large\" alt=\"\" loading=\"lazy\" srcset=\"https:\/\/radsport-ziller.com\/wp-content\/uploads\/2015\/10\/IMG_1859-1024x768.jpg 1024w, https:\/\/radsport-ziller.com\/wp-content\/uploads\/2015\/10\/IMG_1859-300x225.jpg 300w\" sizes=\"(max-width: 710px) 100vw, 710px\" \/>\t\t\t\t\t\t\t\t\t\t\t\t\t\t<\/div>\n\t\t\t\t\t\t<\/div>\n\t\t\t\t<\/div>\n\t\t\t\t\t\t<\/div>\n\t\t\t\t\t<\/div>\n\t\t<\/div>\n\t\t\t\t\t\t\t\t<\/div>\n\t\t\t\t\t<\/div>\n\t\t<\/section>\n\t\t\t\t<section class=\"elementor-section elementor-top-section elementor-element elementor-element-37519439 elementor-section-boxed elementor-section-height-default elementor-section-height-default\" data-id=\"37519439\" data-element_type=\"section\">\n\t\t\t\t\t\t<div class=\"elementor-container elementor-column-gap-default\">\n\t\t\t\t\t\t\t<div class=\"elementor-row\">\n\t\t\t\t\t<div class=\"elementor-column elementor-col-100 elementor-top-column elementor-element elementor-element-53e029cc\" data-id=\"53e029cc\" data-element_type=\"column\">\n\t\t\t<div class=\"elementor-column-wrap elementor-element-populated\">\n\t\t\t\t\t\t\t<div class=\"elementor-widget-wrap\">\n\t\t\t\t\t\t<div class=\"elementor-element elementor-element-56249d39 elementor-widget elementor-widget-text-editor\" data-id=\"56249d39\" data-element_type=\"widget\" data-widget_type=\"text-editor.default\">\n\t\t\t\t<div class=\"elementor-widget-container\">\n\t\t\t\t\t\t\t\t<div class=\"elementor-text-editor elementor-clearfix\">\n\t\t\t\t<p><!-- wp:columns --><\/p>\n<div class=\"wp-block-columns has-2-columns\">\n<p><!-- wp:column --><\/p>\n<p><strong style=\"font-size: 15px;\">Unsere Mountainbike-Marken:<\/strong><\/p>\n<\/div>\n<p><!-- \/wp:paragraph --><!-- wp:separator --><\/p>\n<hr class=\"wp-block-separator\" \/>\n<p><!-- \/wp:separator --><!-- wp:columns {\"columns\":4,\"align\":\"wide\"} --><\/p>\n<div class=\"wp-block-columns alignwide has-4-columns\">\n<p><!-- wp:column --><\/p>\n<div class=\"wp-block-column\">\n<p><!-- wp:image {\"id\":192,\"width\":200,\"height\":51,\"linkDestination\":\"custom\"} --><\/p>\n<figure class=\"wp-block-image is-resized\"><a href=\"https:\/\/www.cannondale.com\/de-DE\/Europe\" target=\"_blank\" rel=\"noreferrer noopener\"><img loading=\"lazy\" class=\"wp-image-192\" src=\"http:\/\/radsport-ziller.com\/wp-content\/uploads\/2015\/10\/Cannondale1.png\" alt=\"\" width=\"200\" height=\"51\" \/><\/a><\/figure>\n<p><!-- \/wp:image --><\/p>\n<\/div>\n<p><!-- \/wp:column --><!-- wp:column --><\/p>\n<div class=\"wp-block-column\">\n<p><!-- wp:image {\"id\":194,\"width\":200,\"height\":67,\"linkDestination\":\"custom\"} --><\/p>\n<figure class=\"wp-block-image is-resized\"><a href=\"https:\/\/www.scott-sports.com\/de\/de\/\" target=\"_blank\" rel=\"noreferrer noopener\"><img loading=\"lazy\" class=\"wp-image-194\" src=\"http:\/\/radsport-ziller.com\/wp-content\/uploads\/2015\/10\/SCOTT.png\" alt=\"\" width=\"200\" height=\"67\" \/><\/a><\/figure>\n<p><!-- \/wp:image --><\/p>\n<\/div>\n<p><!-- \/wp:column --><!-- wp:column --><\/p>\n<div class=\"wp-block-column\">\n<p><!-- wp:image {\"id\":193,\"width\":278,\"height\":65,\"linkDestination\":\"custom\"} --><\/p>\n<figure class=\"wp-block-image is-resized\"><a href=\"https:\/\/www.haibike.com\/de\/DE\/home\" target=\"_blank\" rel=\"noreferrer noopener\"><img loading=\"lazy\" class=\"wp-image-193\" src=\"http:\/\/radsport-ziller.com\/wp-content\/uploads\/2015\/10\/Haibike.png\" alt=\"\" width=\"278\" height=\"65\" \/><\/a><\/figure>\n<p><!-- \/wp:image --><\/p>\n<\/div>\n<p><!-- \/wp:column --><!-- wp:column --><\/p>\n<div class=\"wp-block-column\">\n<p><!-- wp:image {\"id\":191,\"width\":263,\"linkDestination\":\"custom\"} --><\/p>\n<figure class=\"wp-block-image is-resized\"><a href=\"https:\/\/www.ghost-bikes.com\" target=\"_blank\" rel=\"noreferrer noopener\"><img class=\"wp-image-191\" src=\"http:\/\/radsport-ziller.com\/wp-content\/uploads\/2015\/10\/GHOST-BIKES1.png\" alt=\"\" width=\"263\" \/><\/a><\/figure>\n<p><!-- \/wp:image --><\/p>\n<\/div>\n<p><!-- \/wp:column --><\/p>\n<\/div>\n<p><!-- \/wp:columns --><\/p>\t\t\t\t\t<\/div>\n\t\t\t\t\t\t<\/div>\n\t\t\t\t<\/div>\n\t\t\t\t\t\t<\/div>\n\t\t\t\t\t<\/div>\n\t\t<\/div>\n\t\t\t\t\t\t\t\t<\/div>\n\t\t\t\t\t<\/div>\n\t\t<\/section>\n\t\t\t\t\t\t\t\t\t<\/div>\n\t\t\t<\/div>\n\t\t\t\t\t<\/div>\n\t\t","protected":false},"excerpt":{"rendered":"<p>Das Mountainbike: Aus dem klassischen Gel\u00e4ndefahrrad ist ein Sportger\u00e4t geworden, das mehr bietet, als die M\u00f6glichkeit, sich von A nach B fortzubewegen. Wer heute ein Mountainbike kaufen m\u00f6chte, hat die Wahl zwischen Hardtails, Fullys, Mountainbikes f\u00fcr Damen, Fat Bikes und<\/p>\n","protected":false},"author":1,"featured_media":0,"parent":0,"menu_order":0,"comment_status":"closed","ping_status":"closed","template":"","meta":{"spay_email":""},"jetpack_sharing_enabled":true,"jetpack_shortlink":"https:\/\/wp.me\/P6RJsi-M","_links":{"self":[{"href":"https:\/\/radsport-ziller.com\/index.php?rest_route=\/wp\/v2\/pages\/48"}],"collection":[{"href":"https:\/\/radsport-ziller.com\/index.php?rest_route=\/wp\/v2\/pages"}],"about":[{"href":"https:\/\/radsport-ziller.com\/index.php?rest_route=\/wp\/v2\/types\/page"}],"author":[{"embeddable":true,"href":"https:\/\/radsport-ziller.com\/index.php?rest_route=\/wp\/v2\/users\/1"}],"replies":[{"embeddable":true,"href":"https:\/\/radsport-ziller.com\/index.php?rest_route=%2Fwp%2Fv2%2Fcomments&post=48"}],"version-history":[{"count":37,"href":"https:\/\/radsport-ziller.com\/index.php?rest_route=\/wp\/v2\/pages\/48\/revisions"}],"predecessor-version":[{"id":854,"href":"https:\/\/radsport-ziller.com\/index.php?rest_route=\/wp\/v2\/pages\/48\/revisions\/854"}],"wp:attachment":[{"href":"https:\/\/radsport-ziller.com\/index.php?rest_route=%2Fwp%2Fv2%2Fmedia&parent=48"}],"curies":[{"name":"wp","href":"https:\/\/api.w.org\/{rel}","templated":true}]}}