{"id":52,"date":"2015-10-19T17:00:47","date_gmt":"2015-10-19T17:00:47","guid":{"rendered":"http:\/\/radsport-ziller.com\/?page_id=52"},"modified":"2021-02-06T07:41:32","modified_gmt":"2021-02-06T07:41:32","slug":"e-bikes","status":"publish","type":"page","link":"https:\/\/radsport-ziller.com\/?page_id=52","title":{"rendered":"E-Bikes"},"content":{"rendered":"\t\t<div data-elementor-type=\"wp-post\" data-elementor-id=\"52\" class=\"elementor elementor-52\">\n\t\t\t\t\t\t<div class=\"elementor-inner\">\n\t\t\t\t<div class=\"elementor-section-wrap\">\n\t\t\t\t\t\t\t\t\t<section class=\"elementor-section elementor-top-section elementor-element elementor-element-492e7ccc elementor-section-boxed elementor-section-height-default elementor-section-height-default\" data-id=\"492e7ccc\" data-element_type=\"section\">\n\t\t\t\t\t\t<div class=\"elementor-container elementor-column-gap-default\">\n\t\t\t\t\t\t\t<div class=\"elementor-row\">\n\t\t\t\t\t<div class=\"elementor-column elementor-col-100 elementor-top-column elementor-element elementor-element-4d264636\" data-id=\"4d264636\" data-element_type=\"column\">\n\t\t\t<div class=\"elementor-column-wrap elementor-element-populated\">\n\t\t\t\t\t\t\t<div class=\"elementor-widget-wrap\">\n\t\t\t\t\t\t<div class=\"elementor-element elementor-element-7c72f538 elementor-widget elementor-widget-text-editor\" data-id=\"7c72f538\" data-element_type=\"widget\" data-widget_type=\"text-editor.default\">\n\t\t\t\t<div class=\"elementor-widget-container\">\n\t\t\t\t\t\t\t\t<div class=\"elementor-text-editor elementor-clearfix\">\n\t\t\t\t<!-- wp:columns {\"className\":\"has-2-columns\"} -->\n<div class=\"wp-block-columns has-2-columns\"><!-- wp:column -->\n<div class=\"wp-block-column\"><!-- wp:paragraph -->\n<p><strong><em>Die erste Fahrt mit einem E-Bike endet selten ohne ein Grinsen, welches man nicht mehr aus dem Gesicht bekommt. <\/em><\/strong><\/p>\n<!-- \/wp:paragraph --><!-- wp:separator --><hr class=\"wp-block-separator\" \/><!-- \/wp:separator --><!-- wp:paragraph -->\n<p>Im Alltag sind E-Bikes nicht nur ein Spa\u00dfartikel, sondern auch sehr n\u00fctzlich.\u00a0<\/p>\n<!-- \/wp:paragraph --><!-- wp:paragraph -->\n<p>Man kann f\u00fcr kleinere Strecken auf das Auto verzichten, oder den bergigen Arbeitsweg nun schnell mit dem E-Bike meistern, ohne danach komplett verschwitzt zu sein. Bei Fahrradtouren ist einem selbst \u00fcberlassen, ob man die volle Unterst\u00fctzung nutzt oder wenig bis gar keine Unterst\u00fctzung w\u00e4hlt.<\/p>\n<!-- \/wp:paragraph --><!-- wp:spacer {\"height\":20} -->\n<div class=\"wp-block-spacer\" style=\"height: 20px;\" aria-hidden=\"true\">\u00a0<\/div>\n<!-- \/wp:spacer --><!-- wp:paragraph {\"backgroundColor\":\"very-light-gray\",\"fontSize\":\"normal\"} -->\n<p class=\"has-background has-normal-font-size has-very-light-gray-background-color\"><strong>E-Bikes f\u00fcr nur 30\u20ac am Tag\u00a0bei uns testen!<\/strong><\/p>\n<!-- \/wp:paragraph --><!-- wp:separator --><hr class=\"wp-block-separator\" \/><!-- \/wp:separator --><!-- wp:paragraph -->\n<p><strong>Wir beraten Sie gerne bei der Suche nach dem perfekten E-Bike und bieten Ihnen eine gro\u00dfe und stets aktuelle Auswahl an unterschiedlichsten Bikes.<\/strong><\/p>\n<!-- \/wp:paragraph --><\/div>\n<!-- \/wp:column --><!-- wp:column -->\n<div class=\"wp-block-column\"><!-- wp:image {\"id\":494} -->\n<figure class=\"wp-block-image\"><img loading=\"lazy\" width=\"1024\" height=\"683\" class=\"wp-image-494\" src=\"http:\/\/radsport-ziller.com\/wp-content\/uploads\/2019\/02\/IMG_0500-1024x683.jpg\" alt=\"\" srcset=\"https:\/\/radsport-ziller.com\/wp-content\/uploads\/2019\/02\/IMG_0500-1024x683.jpg 1024w, https:\/\/radsport-ziller.com\/wp-content\/uploads\/2019\/02\/IMG_0500-300x200.jpg 300w, https:\/\/radsport-ziller.com\/wp-content\/uploads\/2019\/02\/IMG_0500-768x512.jpg 768w\" sizes=\"(max-width: 1024px) 100vw, 1024px\" \/><\/figure>\n<!-- \/wp:image --><!-- wp:paragraph -->\n<p>Unsere E-Bike Marken:<\/p>\n<!-- \/wp:paragraph --><!-- wp:separator --><hr class=\"wp-block-separator\" \/><!-- \/wp:separator --><!-- wp:columns {\"className\":\"has-2-columns\"} -->\n<div class=\"wp-block-columns has-2-columns\"><!-- wp:column -->\n<div class=\"wp-block-column\"><!-- wp:image {\"id\":192,\"width\":257,\"height\":77,\"linkDestination\":\"custom\"} -->\n<figure class=\"wp-block-image is-resized\"><a href=\"https:\/\/www.cannondale.com\/de-DE\/Europe\" target=\"_blank\" rel=\"noreferrer noopener\"><img loading=\"lazy\" class=\"wp-image-192\" src=\"http:\/\/radsport-ziller.com\/wp-content\/uploads\/2015\/10\/Cannondale1.png\" alt=\"\" width=\"257\" height=\"77\" \/><\/a><\/figure>\n<!-- \/wp:image --><!-- wp:image {\"id\":191,\"width\":257,\"height\":60,\"linkDestination\":\"custom\"} -->\n<figure class=\"wp-block-image is-resized\"><a href=\"https:\/\/www.ghost-bikes.com\" target=\"_blank\" rel=\"noreferrer noopener\"><img loading=\"lazy\" class=\"wp-image-191\" src=\"http:\/\/radsport-ziller.com\/wp-content\/uploads\/2015\/10\/GHOST-BIKES1.png\" alt=\"\" width=\"257\" height=\"60\" \/><\/a><\/figure>\n<!-- \/wp:image --><!-- wp:spacer {\"height\":20} -->\n<div class=\"wp-block-spacer\" style=\"height: 20px;\" aria-hidden=\"true\">\u00a0<\/div>\n<!-- \/wp:spacer --><!-- wp:image {\"id\":193,\"width\":258,\"height\":52,\"linkDestination\":\"custom\"} -->\n<figure class=\"wp-block-image is-resized\"><a href=\"https:\/\/www.haibike.com\" target=\"_blank\" rel=\"noreferrer noopener\"><img loading=\"lazy\" class=\"wp-image-193\" src=\"http:\/\/radsport-ziller.com\/wp-content\/uploads\/2015\/10\/Haibike.png\" alt=\"\" width=\"258\" height=\"52\" \/><\/a><\/figure>\n<!-- \/wp:image --><!-- wp:paragraph -->\n<p>\u00a0<\/p>\n<!-- \/wp:paragraph --><\/div>\n<!-- \/wp:column --><!-- wp:column -->\n<div class=\"wp-block-column\"><!-- wp:image {\"id\":723,\"width\":258,\"height\":84,\"linkDestination\":\"custom\"} -->\n<figure class=\"wp-block-image is-resized\"><a href=\"https:\/\/www.winora.com\/de\/DE\/home\" target=\"_blank\" rel=\"noreferrer noopener\"><img loading=\"lazy\" class=\"wp-image-723\" src=\"http:\/\/radsport-ziller.com\/wp-content\/uploads\/2019\/04\/Winora_Logo_Fahrrader-Kopie-1024x330.png\" alt=\"\" width=\"258\" height=\"84\" srcset=\"https:\/\/radsport-ziller.com\/wp-content\/uploads\/2019\/04\/Winora_Logo_Fahrrader-Kopie-1024x330.png 1024w, https:\/\/radsport-ziller.com\/wp-content\/uploads\/2019\/04\/Winora_Logo_Fahrrader-Kopie-300x97.png 300w, https:\/\/radsport-ziller.com\/wp-content\/uploads\/2019\/04\/Winora_Logo_Fahrrader-Kopie-768x248.png 768w, https:\/\/radsport-ziller.com\/wp-content\/uploads\/2019\/04\/Winora_Logo_Fahrrader-Kopie.png 1937w\" sizes=\"(max-width: 258px) 100vw, 258px\" \/><\/a><\/figure>\n<!-- \/wp:image --><!-- wp:image {\"id\":194,\"width\":257,\"height\":51,\"linkDestination\":\"custom\"} -->\n<figure class=\"wp-block-image is-resized\"><a href=\"https:\/\/www.scott-sports.com\/de\/de\/sports\/bike\" target=\"_blank\" rel=\"noreferrer noopener\"><img loading=\"lazy\" class=\"wp-image-194\" src=\"http:\/\/radsport-ziller.com\/wp-content\/uploads\/2015\/10\/SCOTT.png\" alt=\"\" width=\"257\" height=\"51\" \/><\/a><\/figure>\n<!-- \/wp:image --><!-- wp:image {\"id\":550,\"width\":258,\"linkDestination\":\"custom\"} -->\n<figure class=\"wp-block-image is-resized\"><a href=\"https:\/\/radsport-ziller.com\/wp-content\/uploads\/2021\/02\/VDV_Wortmarke_RZ_schwarz.png\"><img loading=\"lazy\" class=\"alignnone size-medium wp-image-1090\" src=\"https:\/\/radsport-ziller.com\/wp-content\/uploads\/2021\/02\/VDV_Wortmarke_RZ_schwarz-300x24.png\" alt=\"\" width=\"300\" height=\"24\" srcset=\"https:\/\/radsport-ziller.com\/wp-content\/uploads\/2021\/02\/VDV_Wortmarke_RZ_schwarz-300x24.png 300w, https:\/\/radsport-ziller.com\/wp-content\/uploads\/2021\/02\/VDV_Wortmarke_RZ_schwarz-768x62.png 768w, https:\/\/radsport-ziller.com\/wp-content\/uploads\/2021\/02\/VDV_Wortmarke_RZ_schwarz.png 1012w\" sizes=\"(max-width: 300px) 100vw, 300px\" \/><\/a><\/figure>\n<!-- \/wp:image --><!-- wp:paragraph -->\n<p>\u00a0<\/p>\n<!-- \/wp:paragraph --><\/div>\n<!-- \/wp:column --><\/div>\n<!-- \/wp:columns --><\/div>\n<!-- \/wp:column --><\/div>\n<!-- \/wp:columns --><!-- wp:spacer -->\n<div class=\"wp-block-spacer\" style=\"height: 100px;\" aria-hidden=\"true\">\u00a0<\/div>\n<!-- \/wp:spacer -->\t\t\t\t\t<\/div>\n\t\t\t\t\t\t<\/div>\n\t\t\t\t<\/div>\n\t\t\t\t\t\t<\/div>\n\t\t\t\t\t<\/div>\n\t\t<\/div>\n\t\t\t\t\t\t\t\t<\/div>\n\t\t\t\t\t<\/div>\n\t\t<\/section>\n\t\t\t\t\t\t\t\t\t<\/div>\n\t\t\t<\/div>\n\t\t\t\t\t<\/div>\n\t\t","protected":false},"excerpt":{"rendered":"<p>Die erste Fahrt mit einem E-Bike endet selten ohne ein Grinsen, welches man nicht mehr aus dem Gesicht bekommt. Im Alltag sind E-Bikes nicht nur ein Spa\u00dfartikel, sondern auch sehr n\u00fctzlich.\u00a0 Man kann f\u00fcr kleinere Strecken auf das Auto verzichten,<\/p>\n","protected":false},"author":1,"featured_media":0,"parent":0,"menu_order":0,"comment_status":"closed","ping_status":"closed","template":"","meta":{"spay_email":""},"jetpack_sharing_enabled":true,"jetpack_shortlink":"https:\/\/wp.me\/P6RJsi-Q","_links":{"self":[{"href":"https:\/\/radsport-ziller.com\/index.php?rest_route=\/wp\/v2\/pages\/52"}],"collection":[{"href":"https:\/\/radsport-ziller.com\/index.php?rest_route=\/wp\/v2\/pages"}],"about":[{"href":"https:\/\/radsport-ziller.com\/index.php?rest_route=\/wp\/v2\/types\/page"}],"author":[{"embeddable":true,"href":"https:\/\/radsport-ziller.com\/index.php?rest_route=\/wp\/v2\/users\/1"}],"replies":[{"embeddable":true,"href":"https:\/\/radsport-ziller.com\/index.php?rest_route=%2Fwp%2Fv2%2Fcomments&post=52"}],"version-history":[{"count":30,"href":"https:\/\/radsport-ziller.com\/index.php?rest_route=\/wp\/v2\/pages\/52\/revisions"}],"predecessor-version":[{"id":1093,"href":"https:\/\/radsport-ziller.com\/index.php?rest_route=\/wp\/v2\/pages\/52\/revisions\/1093"}],"wp:attachment":[{"href":"https:\/\/radsport-ziller.com\/index.php?rest_route=%2Fwp%2Fv2%2Fmedia&parent=52"}],"curies":[{"name":"wp","href":"https:\/\/api.w.org\/{rel}","templated":true}]}}