{"id":56,"date":"2015-10-19T17:04:15","date_gmt":"2015-10-19T17:04:15","guid":{"rendered":"http:\/\/radsport-ziller.com\/?page_id=56"},"modified":"2019-03-11T22:06:45","modified_gmt":"2019-03-11T22:06:45","slug":"fahrraeder","status":"publish","type":"page","link":"https:\/\/radsport-ziller.com\/?page_id=56","title":{"rendered":"Fahrr\u00e4der"},"content":{"rendered":"\n<p>Bei uns finden Sie eine gro\u00dfe Auswahl an&nbsp;Marken-Fahrr\u00e4dern f\u00fcr jeden individuellen Nutzen. <br><br><\/p>\n\n\n\n<hr class=\"wp-block-separator\"\/>\n\n\n\n<div class=\"wp-block-columns has-4-columns\">\n<div class=\"wp-block-column\">\n<div class=\"wp-block-cover has-background-dim\" style=\"background-image:url(http:\/\/radsport-ziller.com\/wp-content\/uploads\/2019\/02\/photo-1542982893-0ed946ae169a.jpg)\"><p class=\"wp-block-cover-text\"><strong><a href=\"http:\/\/radsport-ziller.com\/?page_id=50\">Rennr\u00e4der<\/a><\/strong><\/p><\/div>\n<\/div>\n\n\n\n<div class=\"wp-block-column\">\n<div class=\"wp-block-cover has-background-dim\" style=\"background-image:url(http:\/\/radsport-ziller.com\/wp-content\/uploads\/2015\/10\/IMG_1617.jpg)\"><p class=\"wp-block-cover-text\"><strong><a href=\"http:\/\/radsport-ziller.com\/?page_id=48\">Mountain-bikes<\/a><\/strong><\/p><\/div>\n<\/div>\n\n\n\n<div class=\"wp-block-column\">\n<div class=\"wp-block-cover has-background-dim\" style=\"background-image:url(http:\/\/radsport-ziller.com\/wp-content\/uploads\/2019\/02\/IMG_0500.jpg)\"><p class=\"wp-block-cover-text\"><strong><a href=\"http:\/\/radsport-ziller.com\/?page_id=52\">E-Bikes<\/a><\/strong><\/p><\/div>\n<\/div>\n\n\n\n<div class=\"wp-block-column\">\n<div class=\"wp-block-cover has-background-dim\" style=\"background-image:url(http:\/\/radsport-ziller.com\/wp-content\/uploads\/2019\/03\/citybike.jpg)\"><p class=\"wp-block-cover-text\"><strong><a href=\"http:\/\/radsport-ziller.com\/?page_id=170\">City- \/ Trekkingbikes<\/a><\/strong><\/p><\/div>\n<\/div>\n<\/div>\n\n\n\n<hr class=\"wp-block-separator\"\/>\n\n\n\n<p><\/p>\n","protected":false},"excerpt":{"rendered":"<p>Bei uns finden Sie eine gro\u00dfe Auswahl an&nbsp;Marken-Fahrr\u00e4dern f\u00fcr jeden individuellen Nutzen.<\/p>\n","protected":false},"author":1,"featured_media":0,"parent":0,"menu_order":0,"comment_status":"closed","ping_status":"closed","template":"","meta":{"spay_email":""},"jetpack_sharing_enabled":true,"jetpack_shortlink":"https:\/\/wp.me\/P6RJsi-U","_links":{"self":[{"href":"https:\/\/radsport-ziller.com\/index.php?rest_route=\/wp\/v2\/pages\/56"}],"collection":[{"href":"https:\/\/radsport-ziller.com\/index.php?rest_route=\/wp\/v2\/pages"}],"about":[{"href":"https:\/\/radsport-ziller.com\/index.php?rest_route=\/wp\/v2\/types\/page"}],"author":[{"embeddable":true,"href":"https:\/\/radsport-ziller.com\/index.php?rest_route=\/wp\/v2\/users\/1"}],"replies":[{"embeddable":true,"href":"https:\/\/radsport-ziller.com\/index.php?rest_route=%2Fwp%2Fv2%2Fcomments&post=56"}],"version-history":[{"count":16,"href":"https:\/\/radsport-ziller.com\/index.php?rest_route=\/wp\/v2\/pages\/56\/revisions"}],"predecessor-version":[{"id":655,"href":"https:\/\/radsport-ziller.com\/index.php?rest_route=\/wp\/v2\/pages\/56\/revisions\/655"}],"wp:attachment":[{"href":"https:\/\/radsport-ziller.com\/index.php?rest_route=%2Fwp%2Fv2%2Fmedia&parent=56"}],"curies":[{"name":"wp","href":"https:\/\/api.w.org\/{rel}","templated":true}]}}