{"id":767,"date":"2019-04-06T15:45:16","date_gmt":"2019-04-06T15:45:16","guid":{"rendered":"http:\/\/radsport-ziller.com\/?page_id=767"},"modified":"2023-11-17T13:19:48","modified_gmt":"2023-11-17T13:19:48","slug":"leasing-angebot","status":"publish","type":"page","link":"https:\/\/radsport-ziller.com\/?page_id=767","title":{"rendered":"Leasing"},"content":{"rendered":"\t\t<div data-elementor-type=\"wp-post\" data-elementor-id=\"767\" class=\"elementor elementor-767\">\n\t\t\t\t\t\t<div class=\"elementor-inner\">\n\t\t\t\t<div class=\"elementor-section-wrap\">\n\t\t\t\t\t\t\t\t\t<section class=\"elementor-section elementor-top-section elementor-element elementor-element-a624510 elementor-section-boxed elementor-section-height-default elementor-section-height-default\" data-id=\"a624510\" data-element_type=\"section\">\n\t\t\t\t\t\t<div class=\"elementor-container elementor-column-gap-default\">\n\t\t\t\t\t\t\t<div class=\"elementor-row\">\n\t\t\t\t\t<div class=\"elementor-column elementor-col-100 elementor-top-column elementor-element elementor-element-35fbb28\" data-id=\"35fbb28\" data-element_type=\"column\">\n\t\t\t<div class=\"elementor-column-wrap elementor-element-populated\">\n\t\t\t\t\t\t\t<div class=\"elementor-widget-wrap\">\n\t\t\t\t\t\t<div class=\"elementor-element elementor-element-ef97ea9 elementor-widget elementor-widget-spacer\" data-id=\"ef97ea9\" data-element_type=\"widget\" data-widget_type=\"spacer.default\">\n\t\t\t\t<div class=\"elementor-widget-container\">\n\t\t\t\t\t<div class=\"elementor-spacer\">\n\t\t\t<div class=\"elementor-spacer-inner\"><\/div>\n\t\t<\/div>\n\t\t\t\t<\/div>\n\t\t\t\t<\/div>\n\t\t\t\t\t\t<\/div>\n\t\t\t\t\t<\/div>\n\t\t<\/div>\n\t\t\t\t\t\t\t\t<\/div>\n\t\t\t\t\t<\/div>\n\t\t<\/section>\n\t\t\t\t<section class=\"elementor-section elementor-top-section elementor-element elementor-element-e6d33f5 elementor-section-boxed elementor-section-height-default elementor-section-height-default\" data-id=\"e6d33f5\" data-element_type=\"section\">\n\t\t\t\t\t\t<div class=\"elementor-container elementor-column-gap-default\">\n\t\t\t\t\t\t\t<div class=\"elementor-row\">\n\t\t\t\t\t<div class=\"elementor-column elementor-col-100 elementor-top-column elementor-element elementor-element-7735b4a\" data-id=\"7735b4a\" data-element_type=\"column\">\n\t\t\t<div class=\"elementor-column-wrap elementor-element-populated\">\n\t\t\t\t\t\t\t<div class=\"elementor-widget-wrap\">\n\t\t\t\t\t\t<div class=\"elementor-element elementor-element-05bab2e elementor-widget elementor-widget-heading\" data-id=\"05bab2e\" data-element_type=\"widget\" data-widget_type=\"heading.default\">\n\t\t\t\t<div class=\"elementor-widget-container\">\n\t\t\t<h2 class=\"elementor-heading-title elementor-size-default\"><span style=\"font-family: Nunito; font-variant-caps: normal; line-height: 1.4; font-size: 24px; font-style: normal; padding-bottom: 15px; color: rgb(102, 102, 102); white-space: normal;\">Radsport Ziller \u2013 Ihr Fachh\u00e4ndler f\u00fcr Fahrrad-Leasing.<\/span><\/h2>\t\t<\/div>\n\t\t\t\t<\/div>\n\t\t\t\t\t\t<\/div>\n\t\t\t\t\t<\/div>\n\t\t<\/div>\n\t\t\t\t\t\t\t\t<\/div>\n\t\t\t\t\t<\/div>\n\t\t<\/section>\n\t\t\t\t<section class=\"elementor-section elementor-top-section elementor-element elementor-element-5ba4b90 elementor-section-boxed elementor-section-height-default elementor-section-height-default\" data-id=\"5ba4b90\" data-element_type=\"section\">\n\t\t\t\t\t\t<div class=\"elementor-container elementor-column-gap-default\">\n\t\t\t\t\t\t\t<div class=\"elementor-row\">\n\t\t\t\t\t<div class=\"elementor-column elementor-col-100 elementor-top-column elementor-element elementor-element-b5696f5\" data-id=\"b5696f5\" data-element_type=\"column\">\n\t\t\t<div class=\"elementor-column-wrap elementor-element-populated\">\n\t\t\t\t\t\t\t<div class=\"elementor-widget-wrap\">\n\t\t\t\t\t\t<div class=\"elementor-element elementor-element-fb6e374 elementor-widget-divider--view-line elementor-widget elementor-widget-divider\" data-id=\"fb6e374\" data-element_type=\"widget\" data-widget_type=\"divider.default\">\n\t\t\t\t<div class=\"elementor-widget-container\">\n\t\t\t\t\t<div class=\"elementor-divider\">\n\t\t\t<span class=\"elementor-divider-separator\">\n\t\t\t\t\t\t<\/span>\n\t\t<\/div>\n\t\t\t\t<\/div>\n\t\t\t\t<\/div>\n\t\t\t\t\t\t<\/div>\n\t\t\t\t\t<\/div>\n\t\t<\/div>\n\t\t\t\t\t\t\t\t<\/div>\n\t\t\t\t\t<\/div>\n\t\t<\/section>\n\t\t\t\t<section class=\"elementor-section elementor-top-section elementor-element elementor-element-edbd527 elementor-section-boxed elementor-section-height-default elementor-section-height-default\" data-id=\"edbd527\" data-element_type=\"section\">\n\t\t\t\t\t\t<div class=\"elementor-container elementor-column-gap-wider\">\n\t\t\t\t\t\t\t<div class=\"elementor-row\">\n\t\t\t\t\t<div class=\"elementor-column elementor-col-50 elementor-top-column elementor-element elementor-element-1be7650\" data-id=\"1be7650\" data-element_type=\"column\">\n\t\t\t<div class=\"elementor-column-wrap elementor-element-populated\">\n\t\t\t\t\t\t\t<div class=\"elementor-widget-wrap\">\n\t\t\t\t\t\t<div class=\"elementor-element elementor-element-0c3acf7 elementor-widget elementor-widget-text-editor\" data-id=\"0c3acf7\" data-element_type=\"widget\" data-widget_type=\"text-editor.default\">\n\t\t\t\t<div class=\"elementor-widget-container\">\n\t\t\t\t\t\t\t\t<div class=\"elementor-text-editor elementor-clearfix\">\n\t\t\t\t<p><span style=\"font-family: Roboto, sans-serif; font-size: 15px; font-style: italic; font-variant-caps: normal;\">Seit 2012 gelten nach einer Gesetzes\u00e4nderung f\u00fcr\u00a0Fahrr\u00e4der dieselben Leasingregeln wie f\u00fcr PKW\u00b4s.<\/span><\/p><p><strong>Arbeitgeber erm\u00f6glichen Ihren Mitarbeitenden mit Fahrradleasing hochwertige Fahrr\u00e4der und E-Bikes\u00a0zu\u00a0g\u00fcnstigen Konditionen. <\/strong><\/p><p>Das bedeutet, dass sie Ihr \u00a0<strong>Wunschfahrrad\u00a0<\/strong>sofort bekommen und bezahlen es \u00fcber einen l\u00e4ngeren Zeitraum in kleinen Raten ab.<\/p>\t\t\t\t\t<\/div>\n\t\t\t\t\t\t<\/div>\n\t\t\t\t<\/div>\n\t\t\t\t<div class=\"elementor-element elementor-element-3d6d6f5 elementor-widget-divider--view-line elementor-widget elementor-widget-divider\" data-id=\"3d6d6f5\" data-element_type=\"widget\" data-widget_type=\"divider.default\">\n\t\t\t\t<div class=\"elementor-widget-container\">\n\t\t\t\t\t<div class=\"elementor-divider\">\n\t\t\t<span class=\"elementor-divider-separator\">\n\t\t\t\t\t\t<\/span>\n\t\t<\/div>\n\t\t\t\t<\/div>\n\t\t\t\t<\/div>\n\t\t\t\t<div class=\"elementor-element elementor-element-a4ac89b elementor-widget elementor-widget-text-editor\" data-id=\"a4ac89b\" data-element_type=\"widget\" data-widget_type=\"text-editor.default\">\n\t\t\t\t<div class=\"elementor-widget-container\">\n\t\t\t\t\t\t\t\t<div class=\"elementor-text-editor elementor-clearfix\">\n\t\t\t\t<p>Der <strong>Arbeitgeber<\/strong> bezahlt die Leasingrate, die er voll als Ausgabe absetzen kann und im Gegenzug sinkt durch die Gehaltsumwandlung das Bruttogehalt der Mitarbeiter, was wiederum zu geringen Abgaben f\u00fcr den Arbeitgeber f\u00fchrt.<\/p><p>Und die <strong>Mitarbeiter<\/strong>? Die k\u00f6nnen sich im Vergleich zum Privatkauf sehr g\u00fcnstig mit einem neuen Fahrrad eindecken welches sie privat nutzen k\u00f6nnen. Die Kosten dabei sind \u00fcberschaubar.<\/p>\t\t\t\t\t<\/div>\n\t\t\t\t\t\t<\/div>\n\t\t\t\t<\/div>\n\t\t\t\t\t\t<\/div>\n\t\t\t\t\t<\/div>\n\t\t<\/div>\n\t\t\t\t<div class=\"elementor-column elementor-col-50 elementor-top-column elementor-element elementor-element-852c473\" data-id=\"852c473\" data-element_type=\"column\">\n\t\t\t<div class=\"elementor-column-wrap elementor-element-populated\">\n\t\t\t\t\t\t\t<div class=\"elementor-widget-wrap\">\n\t\t\t\t\t\t<div class=\"elementor-element elementor-element-cc1d9bd elementor-widget elementor-widget-image\" data-id=\"cc1d9bd\" data-element_type=\"widget\" data-widget_type=\"image.default\">\n\t\t\t\t<div class=\"elementor-widget-container\">\n\t\t\t\t\t\t\t\t<div class=\"elementor-image\">\n\t\t\t\t\t\t\t\t\t\t\t\t<img width=\"710\" height=\"185\" src=\"https:\/\/radsport-ziller.com\/wp-content\/uploads\/2019\/03\/Header.004-1-1024x267.png\" class=\"attachment-large size-large\" alt=\"\" loading=\"lazy\" srcset=\"https:\/\/radsport-ziller.com\/wp-content\/uploads\/2019\/03\/Header.004-1-1024x267.png 1024w, https:\/\/radsport-ziller.com\/wp-content\/uploads\/2019\/03\/Header.004-1-300x78.png 300w, https:\/\/radsport-ziller.com\/wp-content\/uploads\/2019\/03\/Header.004-1-768x200.png 768w, https:\/\/radsport-ziller.com\/wp-content\/uploads\/2019\/03\/Header.004-1.png 1920w\" sizes=\"(max-width: 710px) 100vw, 710px\" \/>\t\t\t\t\t\t\t\t\t\t\t\t\t\t<\/div>\n\t\t\t\t\t\t<\/div>\n\t\t\t\t<\/div>\n\t\t\t\t<div class=\"elementor-element elementor-element-4cd1e72 elementor-widget elementor-widget-text-editor\" data-id=\"4cd1e72\" data-element_type=\"widget\" data-widget_type=\"text-editor.default\">\n\t\t\t\t<div class=\"elementor-widget-container\">\n\t\t\t\t\t\t\t\t<div class=\"elementor-text-editor elementor-clearfix\">\n\t\t\t\t<p><strong><span style=\"text-decoration: underline;\">Unsere Leasingpartner:<\/span><\/strong><\/p>\t\t\t\t\t<\/div>\n\t\t\t\t\t\t<\/div>\n\t\t\t\t<\/div>\n\t\t\t\t<section class=\"elementor-section elementor-inner-section elementor-element elementor-element-ef8cc00 elementor-section-boxed elementor-section-height-default elementor-section-height-default\" data-id=\"ef8cc00\" data-element_type=\"section\">\n\t\t\t\t\t\t<div class=\"elementor-container elementor-column-gap-default\">\n\t\t\t\t\t\t\t<div class=\"elementor-row\">\n\t\t\t\t\t<div class=\"elementor-column elementor-col-50 elementor-inner-column elementor-element elementor-element-e7bcacf\" data-id=\"e7bcacf\" data-element_type=\"column\">\n\t\t\t<div class=\"elementor-column-wrap elementor-element-populated\">\n\t\t\t\t\t\t\t<div class=\"elementor-widget-wrap\">\n\t\t\t\t\t\t<div class=\"elementor-element elementor-element-801c6aa elementor-widget elementor-widget-image\" data-id=\"801c6aa\" data-element_type=\"widget\" data-widget_type=\"image.default\">\n\t\t\t\t<div class=\"elementor-widget-container\">\n\t\t\t\t\t\t\t\t<div class=\"elementor-image\">\n\t\t\t\t\t\t\t\t\t\t\t\t\t<a href=\"https:\/\/www.jobrad.org\">\n\t\t\t\t\t\t\t<img src=\"https:\/\/radsport-ziller.com\/wp-content\/uploads\/elementor\/thumbs\/JobRad_Logo_Anthrazit_RGB_4x-qfhuoic19xlqkxo42zzlztkas7rofpve8ydijde48i.png\" title=\"JobRad_Logo_Anthrazit_RGB_4x\" alt=\"JobRad_Logo_Anthrazit_RGB_4x\" \/>\t\t\t\t\t\t\t\t<\/a>\n\t\t\t\t\t\t\t\t\t\t\t\t\t\t<\/div>\n\t\t\t\t\t\t<\/div>\n\t\t\t\t<\/div>\n\t\t\t\t<div class=\"elementor-element elementor-element-8eb2e00 elementor-widget elementor-widget-image\" data-id=\"8eb2e00\" data-element_type=\"widget\" data-widget_type=\"image.default\">\n\t\t\t\t<div class=\"elementor-widget-container\">\n\t\t\t\t\t\t\t\t<div class=\"elementor-image\">\n\t\t\t\t\t\t\t\t\t\t\t\t\t<a href=\"https:\/\/www.bikeleasing.de\">\n\t\t\t\t\t\t\t<img src=\"https:\/\/radsport-ziller.com\/wp-content\/uploads\/elementor\/thumbs\/bikeleasing-o611i67ielgubxfkxep4tc057y61jjnxa2sdoqttcw.png\" title=\"bikeleasing\" alt=\"bikeleasing\" \/>\t\t\t\t\t\t\t\t<\/a>\n\t\t\t\t\t\t\t\t\t\t\t\t\t\t<\/div>\n\t\t\t\t\t\t<\/div>\n\t\t\t\t<\/div>\n\t\t\t\t<div class=\"elementor-element elementor-element-c528835 elementor-widget elementor-widget-image\" data-id=\"c528835\" data-element_type=\"widget\" data-widget_type=\"image.default\">\n\t\t\t\t<div class=\"elementor-widget-container\">\n\t\t\t\t\t\t\t\t<div class=\"elementor-image\">\n\t\t\t\t\t\t\t\t\t\t\t\t\t<a href=\"https:\/\/www.deutsche-dienstrad.de\">\n\t\t\t\t\t\t\t<img width=\"397\" height=\"110\" src=\"https:\/\/radsport-ziller.com\/wp-content\/uploads\/2021\/11\/deutsche_dienstrad_kopie.png\" class=\"attachment-medium_large size-medium_large\" alt=\"\" loading=\"lazy\" srcset=\"https:\/\/radsport-ziller.com\/wp-content\/uploads\/2021\/11\/deutsche_dienstrad_kopie.png 397w, https:\/\/radsport-ziller.com\/wp-content\/uploads\/2021\/11\/deutsche_dienstrad_kopie-300x83.png 300w\" sizes=\"(max-width: 397px) 100vw, 397px\" \/>\t\t\t\t\t\t\t\t<\/a>\n\t\t\t\t\t\t\t\t\t\t\t\t\t\t<\/div>\n\t\t\t\t\t\t<\/div>\n\t\t\t\t<\/div>\n\t\t\t\t\t\t<\/div>\n\t\t\t\t\t<\/div>\n\t\t<\/div>\n\t\t\t\t<div class=\"elementor-column elementor-col-50 elementor-inner-column elementor-element elementor-element-2979e23\" data-id=\"2979e23\" data-element_type=\"column\">\n\t\t\t<div class=\"elementor-column-wrap elementor-element-populated\">\n\t\t\t\t\t\t\t<div class=\"elementor-widget-wrap\">\n\t\t\t\t\t\t<div class=\"elementor-element elementor-element-cfbfa5a elementor-widget elementor-widget-image\" data-id=\"cfbfa5a\" data-element_type=\"widget\" data-widget_type=\"image.default\">\n\t\t\t\t<div class=\"elementor-widget-container\">\n\t\t\t\t\t\t\t\t<div class=\"elementor-image\">\n\t\t\t\t\t\t\t\t\t\t\t\t\t<a href=\"https:\/\/www.businessbike.de\">\n\t\t\t\t\t\t\t<img src=\"https:\/\/radsport-ziller.com\/wp-content\/uploads\/elementor\/thumbs\/businessbike-o611bsuw30r5vdcvaowe6hsogusl0cd0dactlpjcok.png\" title=\"businessbike\" alt=\"businessbike\" \/>\t\t\t\t\t\t\t\t<\/a>\n\t\t\t\t\t\t\t\t\t\t\t\t\t\t<\/div>\n\t\t\t\t\t\t<\/div>\n\t\t\t\t<\/div>\n\t\t\t\t<div class=\"elementor-element elementor-element-9027a2f elementor-widget elementor-widget-image\" data-id=\"9027a2f\" data-element_type=\"widget\" data-widget_type=\"image.default\">\n\t\t\t\t<div class=\"elementor-widget-container\">\n\t\t\t\t\t\t\t\t<div class=\"elementor-image\">\n\t\t\t\t\t\t\t\t\t\t\t\t\t<a href=\"https:\/\/www.lease-a-bike.de\">\n\t\t\t\t\t\t\t<img src=\"https:\/\/radsport-ziller.com\/wp-content\/uploads\/elementor\/thumbs\/Lease_a_bike-ofy5q6vsnaotz8eleaa1s0mklge1gvw3v95lg43geo.jpg\" title=\"Lease_a_bike\" alt=\"Lease_a_bike\" \/>\t\t\t\t\t\t\t\t<\/a>\n\t\t\t\t\t\t\t\t\t\t\t\t\t\t<\/div>\n\t\t\t\t\t\t<\/div>\n\t\t\t\t<\/div>\n\t\t\t\t<div class=\"elementor-element elementor-element-874c512 elementor-widget elementor-widget-image\" data-id=\"874c512\" data-element_type=\"widget\" data-widget_type=\"image.default\">\n\t\t\t\t<div class=\"elementor-widget-container\">\n\t\t\t\t\t\t\t\t<div class=\"elementor-image\">\n\t\t\t\t\t\t\t\t\t\t\t\t<img width=\"200\" height=\"88\" src=\"https:\/\/radsport-ziller.com\/wp-content\/uploads\/2021\/11\/neues-logo_profile-e1637524488185.jpg\" class=\"attachment-medium_large size-medium_large\" alt=\"\" loading=\"lazy\" \/>\t\t\t\t\t\t\t\t\t\t\t\t\t\t<\/div>\n\t\t\t\t\t\t<\/div>\n\t\t\t\t<\/div>\n\t\t\t\t\t\t<\/div>\n\t\t\t\t\t<\/div>\n\t\t<\/div>\n\t\t\t\t\t\t\t\t<\/div>\n\t\t\t\t\t<\/div>\n\t\t<\/section>\n\t\t\t\t\t\t<\/div>\n\t\t\t\t\t<\/div>\n\t\t<\/div>\n\t\t\t\t\t\t\t\t<\/div>\n\t\t\t\t\t<\/div>\n\t\t<\/section>\n\t\t\t\t<section class=\"elementor-section elementor-top-section elementor-element elementor-element-6dab1fa elementor-section-boxed elementor-section-height-default elementor-section-height-default\" data-id=\"6dab1fa\" data-element_type=\"section\">\n\t\t\t\t\t\t<div class=\"elementor-container elementor-column-gap-default\">\n\t\t\t\t\t\t\t<div class=\"elementor-row\">\n\t\t\t\t\t<div class=\"elementor-column elementor-col-100 elementor-top-column elementor-element elementor-element-218ed63\" data-id=\"218ed63\" data-element_type=\"column\">\n\t\t\t<div class=\"elementor-column-wrap elementor-element-populated\">\n\t\t\t\t\t\t\t<div class=\"elementor-widget-wrap\">\n\t\t\t\t\t\t<div class=\"elementor-element elementor-element-faadbd3 elementor-widget elementor-widget-text-editor\" data-id=\"faadbd3\" data-element_type=\"widget\" data-widget_type=\"text-editor.default\">\n\t\t\t\t<div class=\"elementor-widget-container\">\n\t\t\t\t\t\t\t\t<div class=\"elementor-text-editor elementor-clearfix\">\n\t\t\t\t<p><strong>Berechnen Sie ganz einfach ihre Ersparnis gegen\u00fcber dem Direktkauf und monatliche\u00a0Rate mit dem JobRad-Vorteilsrechner:\u00a0<\/strong><\/p>\t\t\t\t\t<\/div>\n\t\t\t\t\t\t<\/div>\n\t\t\t\t<\/div>\n\t\t\t\t\t\t<\/div>\n\t\t\t\t\t<\/div>\n\t\t<\/div>\n\t\t\t\t\t\t\t\t<\/div>\n\t\t\t\t\t<\/div>\n\t\t<\/section>\n\t\t\t\t<section class=\"elementor-section elementor-top-section elementor-element elementor-element-f289422 elementor-section-boxed elementor-section-height-default elementor-section-height-default\" data-id=\"f289422\" data-element_type=\"section\">\n\t\t\t\t\t\t<div class=\"elementor-container elementor-column-gap-default\">\n\t\t\t\t\t\t\t<div class=\"elementor-row\">\n\t\t\t\t\t<div class=\"elementor-column elementor-col-100 elementor-top-column elementor-element elementor-element-1b0d2a9\" data-id=\"1b0d2a9\" data-element_type=\"column\">\n\t\t\t<div class=\"elementor-column-wrap elementor-element-populated\">\n\t\t\t\t\t\t\t<div class=\"elementor-widget-wrap\">\n\t\t\t\t\t\t<div class=\"elementor-element elementor-element-3978612 elementor-widget elementor-widget-html\" data-id=\"3978612\" data-element_type=\"widget\" data-settings=\"{&quot;_animation&quot;:&quot;none&quot;}\" data-widget_type=\"html.default\">\n\t\t\t\t<div class=\"elementor-widget-container\">\n\t\t\t<iframe loading=\"lazy\" width=\"500\" height=\"500\" src=\"https:\/\/bike-leasing-calculator.jobrad.org\/\" frameborder=\"0\" allowfullscreen><\/iframe>\t\t<\/div>\n\t\t\t\t<\/div>\n\t\t\t\t\t\t<\/div>\n\t\t\t\t\t<\/div>\n\t\t<\/div>\n\t\t\t\t\t\t\t\t<\/div>\n\t\t\t\t\t<\/div>\n\t\t<\/section>\n\t\t\t\t<section class=\"elementor-section elementor-top-section elementor-element elementor-element-d359fd9 elementor-section-boxed elementor-section-height-default elementor-section-height-default\" data-id=\"d359fd9\" data-element_type=\"section\">\n\t\t\t\t\t\t<div class=\"elementor-container elementor-column-gap-default\">\n\t\t\t\t\t\t\t<div class=\"elementor-row\">\n\t\t\t\t\t<div class=\"elementor-column elementor-col-100 elementor-top-column elementor-element elementor-element-7199eca\" data-id=\"7199eca\" data-element_type=\"column\">\n\t\t\t<div class=\"elementor-column-wrap elementor-element-populated\">\n\t\t\t\t\t\t\t<div class=\"elementor-widget-wrap\">\n\t\t\t\t\t\t<div class=\"elementor-element elementor-element-53096e3 elementor-widget elementor-widget-spacer\" data-id=\"53096e3\" data-element_type=\"widget\" data-widget_type=\"spacer.default\">\n\t\t\t\t<div class=\"elementor-widget-container\">\n\t\t\t\t\t<div class=\"elementor-spacer\">\n\t\t\t<div class=\"elementor-spacer-inner\"><\/div>\n\t\t<\/div>\n\t\t\t\t<\/div>\n\t\t\t\t<\/div>\n\t\t\t\t\t\t<\/div>\n\t\t\t\t\t<\/div>\n\t\t<\/div>\n\t\t\t\t\t\t\t\t<\/div>\n\t\t\t\t\t<\/div>\n\t\t<\/section>\n\t\t\t\t\t\t\t\t\t<\/div>\n\t\t\t<\/div>\n\t\t\t\t\t<\/div>\n\t\t","protected":false},"excerpt":{"rendered":"<p>Radsport Ziller \u2013 Ihr Fachh\u00e4ndler f\u00fcr Fahrrad-Leasing. Seit 2012 gelten nach einer Gesetzes\u00e4nderung f\u00fcr\u00a0Fahrr\u00e4der dieselben Leasingregeln wie f\u00fcr PKW\u00b4s. Arbeitgeber erm\u00f6glichen Ihren Mitarbeitenden mit Fahrradleasing hochwertige Fahrr\u00e4der und E-Bikes\u00a0zu\u00a0g\u00fcnstigen Konditionen. Das bedeutet, dass sie Ihr \u00a0Wunschfahrrad\u00a0sofort bekommen und bezahlen es<\/p>\n","protected":false},"author":3,"featured_media":0,"parent":0,"menu_order":0,"comment_status":"closed","ping_status":"closed","template":"elementor_header_footer","meta":{"spay_email":""},"jetpack_sharing_enabled":true,"jetpack_shortlink":"https:\/\/wp.me\/P6RJsi-cn","_links":{"self":[{"href":"https:\/\/radsport-ziller.com\/index.php?rest_route=\/wp\/v2\/pages\/767"}],"collection":[{"href":"https:\/\/radsport-ziller.com\/index.php?rest_route=\/wp\/v2\/pages"}],"about":[{"href":"https:\/\/radsport-ziller.com\/index.php?rest_route=\/wp\/v2\/types\/page"}],"author":[{"embeddable":true,"href":"https:\/\/radsport-ziller.com\/index.php?rest_route=\/wp\/v2\/users\/3"}],"replies":[{"embeddable":true,"href":"https:\/\/radsport-ziller.com\/index.php?rest_route=%2Fwp%2Fv2%2Fcomments&post=767"}],"version-history":[{"count":36,"href":"https:\/\/radsport-ziller.com\/index.php?rest_route=\/wp\/v2\/pages\/767\/revisions"}],"predecessor-version":[{"id":1282,"href":"https:\/\/radsport-ziller.com\/index.php?rest_route=\/wp\/v2\/pages\/767\/revisions\/1282"}],"wp:attachment":[{"href":"https:\/\/radsport-ziller.com\/index.php?rest_route=%2Fwp%2Fv2%2Fmedia&parent=767"}],"curies":[{"name":"wp","href":"https:\/\/api.w.org\/{rel}","templated":true}]}}