{"id":82,"date":"2015-10-19T18:46:50","date_gmt":"2015-10-19T18:46:50","guid":{"rendered":"http:\/\/radsport-ziller.com\/?page_id=82"},"modified":"2020-07-09T06:59:43","modified_gmt":"2020-07-09T06:59:43","slug":"team","status":"publish","type":"page","link":"https:\/\/radsport-ziller.com\/?page_id=82","title":{"rendered":"\u00dcber Uns \/ Kontakt"},"content":{"rendered":"\t\t<div data-elementor-type=\"wp-post\" data-elementor-id=\"82\" class=\"elementor elementor-82\">\n\t\t\t\t\t\t<div class=\"elementor-inner\">\n\t\t\t\t<div class=\"elementor-section-wrap\">\n\t\t\t\t\t\t\t\t\t<section class=\"elementor-section elementor-top-section elementor-element elementor-element-a092871 elementor-section-boxed elementor-section-height-default elementor-section-height-default\" data-id=\"a092871\" data-element_type=\"section\">\n\t\t\t\t\t\t<div class=\"elementor-container elementor-column-gap-default\">\n\t\t\t\t\t\t\t<div class=\"elementor-row\">\n\t\t\t\t\t<div class=\"elementor-column elementor-col-100 elementor-top-column elementor-element elementor-element-5e6fedc4\" data-id=\"5e6fedc4\" data-element_type=\"column\">\n\t\t\t<div class=\"elementor-column-wrap elementor-element-populated\">\n\t\t\t\t\t\t\t<div class=\"elementor-widget-wrap\">\n\t\t\t\t\t\t<div class=\"elementor-element elementor-element-5d62b254 elementor-widget elementor-widget-text-editor\" data-id=\"5d62b254\" data-element_type=\"widget\" data-widget_type=\"text-editor.default\">\n\t\t\t\t<div class=\"elementor-widget-container\">\n\t\t\t\t\t\t\t\t<div class=\"elementor-text-editor elementor-clearfix\">\n\t\t\t\t<!-- wp:media-text {\"mediaPosition\":\"right\",\"mediaId\":365,\"mediaType\":\"image\",\"mediaWidth\":41} -->\n<div class=\"wp-block-media-text alignwide has-media-on-the-right\" style=\"grid-template-columns: auto 41%;\">\n<figure class=\"wp-block-media-text__media\"><img loading=\"lazy\" width=\"1024\" height=\"633\" class=\"wp-image-365\" src=\"http:\/\/radsport-ziller.com\/wp-content\/uploads\/2019\/02\/IMG_0461-2-1024x633.jpg\" alt=\"\" srcset=\"https:\/\/radsport-ziller.com\/wp-content\/uploads\/2019\/02\/IMG_0461-2-1024x633.jpg 1024w, https:\/\/radsport-ziller.com\/wp-content\/uploads\/2019\/02\/IMG_0461-2-300x186.jpg 300w, https:\/\/radsport-ziller.com\/wp-content\/uploads\/2019\/02\/IMG_0461-2-768x475.jpg 768w\" sizes=\"(max-width: 1024px) 100vw, 1024px\" \/><\/figure>\n<div class=\"wp-block-media-text__content\"><!-- wp:heading -->\n<h2>&#8222;Beratung von Fahrradfahrern f\u00fcr Fahrradfahrer&#8220;<\/h2>\n<!-- \/wp:heading --><!-- wp:paragraph {\"placeholder\":\"Inhalt...\",\"customFontSize\":14} -->\n<p><b>Seit 1920 ist unser Fahrradgesch\u00e4ft in Familienbesitz. Alle Mitarbeiter sind selbst leidenschaftliche Fahrradfahrer und stehen Ihnen mit dieser Erfahrung stets als optimale Berater rund ums Rad zur Seite.<\/b><\/p>\n<p>Eine gro\u00dfe Auswahl an sofort verf\u00fcgbaren Neu- und\u00a0Gebrauchtr\u00e4dern f\u00fcr alle Gebiete wartet auf Sie!<\/p>\n<p>Wir bieten neuste Technik, Innovationen und Modelle der aktuellen Messen, sowie eine fachm\u00e4nnische Beratung durch unsere erfahrenen Mitarbeitern.<span class=\"Apple-converted-space\">\u00a0<\/span><\/p>\n<!-- \/wp:paragraph --><!-- wp:paragraph {\"customFontSize\":14} --><!-- \/wp:paragraph --><!-- wp:paragraph {\"customFontSize\":14} --><!-- \/wp:paragraph --><!-- wp:paragraph {\"customFontSize\":14} -->\n<p style=\"font-size: 14px;\">In unserer erfahrenen Fahrradwerkstatt tauschen wir au\u00dferdem bei jedem gebrauchten Bike alle relevanten Verschlei\u00dfteile, wie Bremsbel\u00e4ge, Seilz\u00fcge, Schl\u00e4uche und meist auch M\u00e4ntel bevor wir es in gute H\u00e4nde geben.\u00a0<\/p>\n<!-- \/wp:paragraph --><\/div>\n<\/div>\n<!-- \/wp:media-text --><!-- wp:separator --><hr class=\"wp-block-separator\" \/><!-- \/wp:separator -->\t\t\t\t\t<\/div>\n\t\t\t\t\t\t<\/div>\n\t\t\t\t<\/div>\n\t\t\t\t\t\t<\/div>\n\t\t\t\t\t<\/div>\n\t\t<\/div>\n\t\t\t\t\t\t\t\t<\/div>\n\t\t\t\t\t<\/div>\n\t\t<\/section>\n\t\t\t\t<section class=\"elementor-section elementor-top-section elementor-element elementor-element-86730e9 elementor-section-boxed elementor-section-height-default elementor-section-height-default\" data-id=\"86730e9\" data-element_type=\"section\">\n\t\t\t\t\t\t<div class=\"elementor-container elementor-column-gap-default\">\n\t\t\t\t\t\t\t<div class=\"elementor-row\">\n\t\t\t\t\t<div class=\"elementor-column elementor-col-100 elementor-top-column elementor-element elementor-element-ac32d17\" data-id=\"ac32d17\" data-element_type=\"column\">\n\t\t\t<div class=\"elementor-column-wrap elementor-element-populated\">\n\t\t\t\t\t\t\t<div class=\"elementor-widget-wrap\">\n\t\t\t\t\t\t<div class=\"elementor-element elementor-element-f8332ef elementor-widget elementor-widget-text-editor\" data-id=\"f8332ef\" data-element_type=\"widget\" data-widget_type=\"text-editor.default\">\n\t\t\t\t<div class=\"elementor-widget-container\">\n\t\t\t\t\t\t\t\t<div class=\"elementor-text-editor elementor-clearfix\">\n\t\t\t\t<p><strong>Kontaktieren Sie uns gerne:<\/strong><\/p>\t\t\t\t\t<\/div>\n\t\t\t\t\t\t<\/div>\n\t\t\t\t<\/div>\n\t\t\t\t\t\t<\/div>\n\t\t\t\t\t<\/div>\n\t\t<\/div>\n\t\t\t\t\t\t\t\t<\/div>\n\t\t\t\t\t<\/div>\n\t\t<\/section>\n\t\t\t\t<section class=\"elementor-section elementor-top-section elementor-element elementor-element-5cf40ba elementor-section-boxed elementor-section-height-default elementor-section-height-default\" data-id=\"5cf40ba\" data-element_type=\"section\">\n\t\t\t\t\t\t<div class=\"elementor-container elementor-column-gap-default\">\n\t\t\t\t\t\t\t<div class=\"elementor-row\">\n\t\t\t\t\t<div class=\"elementor-column elementor-col-50 elementor-top-column elementor-element elementor-element-ff498d8\" data-id=\"ff498d8\" data-element_type=\"column\">\n\t\t\t<div class=\"elementor-column-wrap elementor-element-populated\">\n\t\t\t\t\t\t\t<div class=\"elementor-widget-wrap\">\n\t\t\t\t\t\t<div class=\"elementor-element elementor-element-937f39d elementor-widget elementor-widget-shortcode\" data-id=\"937f39d\" data-element_type=\"widget\" data-widget_type=\"shortcode.default\">\n\t\t\t\t<div class=\"elementor-widget-container\">\n\t\t\t\t\t<div class=\"elementor-shortcode\"><div class=\"everest-forms\"><div class=\"evf-container default\" id=\"evf-828\"><form id=\"evf-form-828\" class=\"everest-form\" data-formid=\"828\" data-ajax_submission=\"0\" data-keyboard_friendly_form=\"0\" method=\"post\" enctype=\"multipart\/form-data\" action=\"\/index.php?rest_route=%2Fwp%2Fv2%2Fpages%2F82\"><div class=\"evf-field-container\"><input type=\"hidden\" id=\"_wpnonce828\" name=\"_wpnonce828\" value=\"6c25701ccb\" \/><input type=\"hidden\" name=\"_wp_http_referer\" value=\"\/index.php?rest_route=%2Fwp%2Fv2%2Fpages%2F82\" \/><div class=\"evf-frontend-row\" data-row=\"row_1\" conditional_rules=\"[]\"><div class=\"evf-frontend-grid evf-grid-1\" data-grid=\"grid_1\"><div id=\"evf-828-field_fullname-container\" class=\"evf-field evf-field-text form-row validate-required\" data-required-field-message=\"This field is required.\" data-field-id=\"fullname\"><label class=\"evf-field-label\" for=\"evf-828-field_fullname\"><span class=\"evf-label\">Name<\/span> <abbr class=\"required\" title=\"Required\">*<\/abbr><\/label><input type=\"text\" id=\"evf-828-field_fullname\" class=\"input-text\" name=\"everest_forms[form_fields][fullname]\" required><\/div><div id=\"evf-828-field_email-container\" class=\"evf-field evf-field-email form-row validate-required validate-email\" data-required-field-message=\"Please enter a valid email address.\" data-field-id=\"email\"><label class=\"evf-field-label\" for=\"evf-828-field_email\"><span class=\"evf-label\">Email<\/span> <abbr class=\"required\" title=\"Required\">*<\/abbr><\/label><input type=\"email\" id=\"evf-828-field_email\" class=\"input-text\" name=\"everest_forms[form_fields][email]\" required ><\/div><div id=\"evf-828-field_subject-container\" class=\"evf-field evf-field-text form-row validate-required\" data-required-field-message=\"This field is required.\" data-field-id=\"subject\"><label class=\"evf-field-label\" for=\"evf-828-field_subject\"><span class=\"evf-label\">Betreff<\/span> <abbr class=\"required\" title=\"Required\">*<\/abbr><\/label><input type=\"text\" id=\"evf-828-field_subject\" class=\"input-text\" name=\"everest_forms[form_fields][subject]\" required><\/div><div id=\"evf-828-field_message-container\" class=\"evf-field evf-field-textarea form-row\" data-field-id=\"message\"><label class=\"evf-field-label\" for=\"evf-828-field_message\"><span class=\"evf-label\">Nachricht<\/span> <\/label><textarea id=\"evf-828-field_message\" class=\"input-text\" name=\"everest_forms[form_fields][message]\"  ><\/textarea><\/div><div id=\"evf-828-field_xSyT0kQZBL-1-container\" class=\"evf-field evf-field-checkbox form-row\" data-field-id=\"xSyT0kQZBL-1\"><label class=\"evf-field-label evf-label-hide\" for=\"evf-828-field_xSyT0kQZBL-1\"><span class=\"evf-label\">Checkboxes<\/span> <\/label><ul id=\"evf-828-field_xSyT0kQZBL-1\"><li class=\"choice-1 depth-1\"><input type=\"checkbox\" id=\"evf-828-field_xSyT0kQZBL-1_1\" class=\"input-text\" name=\"everest_forms[form_fields][xSyT0kQZBL-1][]\" value=\"Checked\"  ><label class=\"everest-forms-field-label-inline\" for=\"evf-828-field_xSyT0kQZBL-1_1\"><\/label><\/li><\/ul><div class=\"evf-field-description\">Ja, ich habe die Datenschutzerkl\u00e4rung zur Kenntnis genommen und bin damit einverstanden, dass die von mir angegebenen Daten elektronisch erhoben und gespeichert werden. Meine Daten werden dabei nur streng zweckgebunden zur Bearbeitung und Beantwortung meiner Anfrage benutzt. Mit dem Absenden des Kontaktformulars erkl\u00e4re ich mich mit der Verarbeitung einverstanden. *<\/div><\/div><\/div><\/div><\/div><div class=\"evf-submit-container \" ><input type=\"hidden\" name=\"everest_forms[id]\" value=\"828\"><input type=\"hidden\" name=\"everest_forms[author]\" value=\"1\"><button type='submit' name='everest_forms[submit]' class='everest-forms-submit-button button evf-submit ' id='evf-submit-828' value='evf-submit' data-process-text=\"Processing&hellip;\" conditional_rules='&quot;&quot;' conditional_id='evf-submit-828'  id=\"evf-submit-828\" aria-live=\"assertive\">Submit<\/button><\/div><\/form><\/div><!-- .evf-container --><\/div><\/div>\n\t\t\t\t<\/div>\n\t\t\t\t<\/div>\n\t\t\t\t\t\t<\/div>\n\t\t\t\t\t<\/div>\n\t\t<\/div>\n\t\t\t\t<div class=\"elementor-column elementor-col-50 elementor-top-column elementor-element elementor-element-9220dfa\" data-id=\"9220dfa\" data-element_type=\"column\">\n\t\t\t<div class=\"elementor-column-wrap\">\n\t\t\t\t\t\t\t<div class=\"elementor-widget-wrap\">\n\t\t\t\t\t\t\t\t<\/div>\n\t\t\t\t\t<\/div>\n\t\t<\/div>\n\t\t\t\t\t\t\t\t<\/div>\n\t\t\t\t\t<\/div>\n\t\t<\/section>\n\t\t\t\t<section class=\"elementor-section elementor-top-section elementor-element elementor-element-9a19545 elementor-section-boxed elementor-section-height-default elementor-section-height-default\" data-id=\"9a19545\" data-element_type=\"section\">\n\t\t\t\t\t\t<div class=\"elementor-container elementor-column-gap-default\">\n\t\t\t\t\t\t\t<div class=\"elementor-row\">\n\t\t\t\t\t<div class=\"elementor-column elementor-col-100 elementor-top-column elementor-element elementor-element-b79d6ef\" data-id=\"b79d6ef\" data-element_type=\"column\">\n\t\t\t<div class=\"elementor-column-wrap elementor-element-populated\">\n\t\t\t\t\t\t\t<div class=\"elementor-widget-wrap\">\n\t\t\t\t\t\t<div class=\"elementor-element elementor-element-b79513f elementor-widget-divider--view-line elementor-widget elementor-widget-divider\" data-id=\"b79513f\" data-element_type=\"widget\" data-widget_type=\"divider.default\">\n\t\t\t\t<div class=\"elementor-widget-container\">\n\t\t\t\t\t<div class=\"elementor-divider\">\n\t\t\t<span class=\"elementor-divider-separator\">\n\t\t\t\t\t\t<\/span>\n\t\t<\/div>\n\t\t\t\t<\/div>\n\t\t\t\t<\/div>\n\t\t\t\t\t\t<\/div>\n\t\t\t\t\t<\/div>\n\t\t<\/div>\n\t\t\t\t\t\t\t\t<\/div>\n\t\t\t\t\t<\/div>\n\t\t<\/section>\n\t\t\t\t\t\t\t\t\t<\/div>\n\t\t\t<\/div>\n\t\t\t\t\t<\/div>\n\t\t","protected":false},"excerpt":{"rendered":"<p>&#8222;Beratung von Fahrradfahrern f\u00fcr Fahrradfahrer&#8220; Seit 1920 ist unser Fahrradgesch\u00e4ft in Familienbesitz. Alle Mitarbeiter sind selbst leidenschaftliche Fahrradfahrer und stehen Ihnen mit dieser Erfahrung stets als optimale Berater rund ums Rad zur Seite. Eine gro\u00dfe Auswahl an sofort verf\u00fcgbaren Neu-<\/p>\n","protected":false},"author":1,"featured_media":354,"parent":0,"menu_order":0,"comment_status":"closed","ping_status":"closed","template":"","meta":{"spay_email":""},"jetpack_sharing_enabled":true,"jetpack_shortlink":"https:\/\/wp.me\/P6RJsi-1k","_links":{"self":[{"href":"https:\/\/radsport-ziller.com\/index.php?rest_route=\/wp\/v2\/pages\/82"}],"collection":[{"href":"https:\/\/radsport-ziller.com\/index.php?rest_route=\/wp\/v2\/pages"}],"about":[{"href":"https:\/\/radsport-ziller.com\/index.php?rest_route=\/wp\/v2\/types\/page"}],"author":[{"embeddable":true,"href":"https:\/\/radsport-ziller.com\/index.php?rest_route=\/wp\/v2\/users\/1"}],"replies":[{"embeddable":true,"href":"https:\/\/radsport-ziller.com\/index.php?rest_route=%2Fwp%2Fv2%2Fcomments&post=82"}],"version-history":[{"count":24,"href":"https:\/\/radsport-ziller.com\/index.php?rest_route=\/wp\/v2\/pages\/82\/revisions"}],"predecessor-version":[{"id":1029,"href":"https:\/\/radsport-ziller.com\/index.php?rest_route=\/wp\/v2\/pages\/82\/revisions\/1029"}],"wp:featuredmedia":[{"embeddable":true,"href":"https:\/\/radsport-ziller.com\/index.php?rest_route=\/wp\/v2\/media\/354"}],"wp:attachment":[{"href":"https:\/\/radsport-ziller.com\/index.php?rest_route=%2Fwp%2Fv2%2Fmedia&parent=82"}],"curies":[{"name":"wp","href":"https:\/\/api.w.org\/{rel}","templated":true}]}}